{"id":459,"date":"2023-03-21T13:13:41","date_gmt":"2023-03-21T13:13:41","guid":{"rendered":"https:\/\/www.hotelimpero.cr.it\/?page_id=459"},"modified":"2023-03-21T13:13:56","modified_gmt":"2023-03-21T13:13:56","slug":"chambre-double-ou-lits-jumeaux-club","status":"publish","type":"page","link":"https:\/\/www.hotelimpero.cr.it\/fr\/chambres\/chambre-double-ou-lits-jumeaux-club\/","title":{"rendered":"Chambre double ou lits jumeaux CLUB"},"content":{"rendered":"<p>Chambres situ\u00e9es au dernier \u00e9tage de l&rsquo;h\u00f4tel, au 4\u00e8me \u00e9tage, enti\u00e8rement r\u00e9nov\u00e9es avec des meubles modernes, \u00e9quip\u00e9es de tout confort. Les chambres disposent d&rsquo;un lit double ou, sur demande, de deux lits simples. Salle de bains priv\u00e9e<\/p>\n","protected":false},"excerpt":{"rendered":"<p>Chambres situ\u00e9es au dernier \u00e9tage de l&rsquo;h\u00f4tel, au 4\u00e8me \u00e9tage, enti\u00e8rement r\u00e9nov\u00e9es avec des meubles modernes, \u00e9quip\u00e9es de tout confort. Les chambres disposent d&rsquo;un lit double ou, sur demande, de deux lits simples. Salle de bains priv\u00e9e<\/p>\n","protected":false},"author":344,"featured_media":0,"parent":299,"menu_order":31,"comment_status":"closed","ping_status":"closed","template":"template-single-room.php","meta":{"footnotes":""},"class_list":["post-459","page","type-page","status-publish","hentry"],"yoast_head":"<!-- This site is optimized with the Yoast SEO plugin v26.9 - https:\/\/yoast.com\/product\/yoast-seo-wordpress\/ -->\n<title>Chambre double ou lits jumeaux CLUB &#8226; Hotel Impero &#8226;<\/title>\n<meta name=\"description\" content=\"Chambres situ\u00e9es au dernier \u00e9tage de l&#039;h\u00f4tel, au 4\u00e8me \u00e9tage, enti\u00e8rement r\u00e9nov\u00e9es avec des meubles modernes, \u00e9quip\u00e9es de tout confort. Les chambres disposent d&#039;un lit double ou, sur demande, de deux lits simples\" \/>\n<meta name=\"robots\" content=\"index, follow, max-snippet:-1, max-image-preview:large, max-video-preview:-1\" \/>\n<link rel=\"canonical\" href=\"https:\/\/www.hotelimpero.cr.it\/fr\/chambres\/chambre-double-ou-lits-jumeaux-club\/\" \/>\n<meta property=\"og:locale\" content=\"fr_FR\" \/>\n<meta property=\"og:type\" content=\"article\" \/>\n<meta property=\"og:title\" content=\"Chambre double ou lits jumeaux CLUB &#8226; Hotel Impero &#8226;\" \/>\n<meta property=\"og:description\" content=\"Chambres situ\u00e9es au dernier \u00e9tage de l&#039;h\u00f4tel, au 4\u00e8me \u00e9tage, enti\u00e8rement r\u00e9nov\u00e9es avec des meubles modernes, \u00e9quip\u00e9es de tout confort. Les chambres disposent d&#039;un lit double ou, sur demande, de deux lits simples\" \/>\n<meta property=\"og:url\" content=\"https:\/\/www.hotelimpero.cr.it\/fr\/chambres\/chambre-double-ou-lits-jumeaux-club\/\" \/>\n<meta property=\"og:site_name\" content=\"Hotel Impero\" \/>\n<meta property=\"article:modified_time\" content=\"2023-03-21T13:13:56+00:00\" \/>\n<meta name=\"twitter:card\" content=\"summary_large_image\" \/>\n<script type=\"application\/ld+json\" class=\"yoast-schema-graph\">{\"@context\":\"https:\/\/schema.org\",\"@graph\":[{\"@type\":\"WebPage\",\"@id\":\"https:\/\/www.hotelimpero.cr.it\/fr\/chambres\/chambre-double-ou-lits-jumeaux-club\/\",\"url\":\"https:\/\/www.hotelimpero.cr.it\/fr\/chambres\/chambre-double-ou-lits-jumeaux-club\/\",\"name\":\"Chambre double ou lits jumeaux CLUB &#8226; Hotel Impero &#8226;\",\"isPartOf\":{\"@id\":\"https:\/\/www.hotelimpero.cr.it\/fr\/#website\"},\"datePublished\":\"2023-03-21T13:13:41+00:00\",\"dateModified\":\"2023-03-21T13:13:56+00:00\",\"description\":\"Chambres situ\u00e9es au dernier \u00e9tage de l'h\u00f4tel, au 4\u00e8me \u00e9tage, enti\u00e8rement r\u00e9nov\u00e9es avec des meubles modernes, \u00e9quip\u00e9es de tout confort. Les chambres disposent d'un lit double ou, sur demande, de deux lits simples\",\"breadcrumb\":{\"@id\":\"https:\/\/www.hotelimpero.cr.it\/fr\/chambres\/chambre-double-ou-lits-jumeaux-club\/#breadcrumb\"},\"inLanguage\":\"fr-FR\",\"potentialAction\":[{\"@type\":\"ReadAction\",\"target\":[\"https:\/\/www.hotelimpero.cr.it\/fr\/chambres\/chambre-double-ou-lits-jumeaux-club\/\"]}]},{\"@type\":\"BreadcrumbList\",\"@id\":\"https:\/\/www.hotelimpero.cr.it\/fr\/chambres\/chambre-double-ou-lits-jumeaux-club\/#breadcrumb\",\"itemListElement\":[{\"@type\":\"ListItem\",\"position\":1,\"name\":\"Home\",\"item\":\"https:\/\/www.hotelimpero.cr.it\/fr\/\"},{\"@type\":\"ListItem\",\"position\":2,\"name\":\"Chambres\",\"item\":\"https:\/\/www.hotelimpero.cr.it\/fr\/chambres\/\"},{\"@type\":\"ListItem\",\"position\":3,\"name\":\"Chambre double ou lits jumeaux CLUB\"}]},{\"@type\":\"WebSite\",\"@id\":\"https:\/\/www.hotelimpero.cr.it\/fr\/#website\",\"url\":\"https:\/\/www.hotelimpero.cr.it\/fr\/\",\"name\":\"Hotel Impero\",\"description\":\"Just another ms.decms.eu site\",\"potentialAction\":[{\"@type\":\"SearchAction\",\"target\":{\"@type\":\"EntryPoint\",\"urlTemplate\":\"https:\/\/www.hotelimpero.cr.it\/fr\/?s={search_term_string}\"},\"query-input\":{\"@type\":\"PropertyValueSpecification\",\"valueRequired\":true,\"valueName\":\"search_term_string\"}}],\"inLanguage\":\"fr-FR\"}]}<\/script>\n<!-- \/ Yoast SEO plugin. -->","yoast_head_json":{"title":"Chambre double ou lits jumeaux CLUB &#8226; Hotel Impero &#8226;","description":"Chambres situ\u00e9es au dernier \u00e9tage de l'h\u00f4tel, au 4\u00e8me \u00e9tage, enti\u00e8rement r\u00e9nov\u00e9es avec des meubles modernes, \u00e9quip\u00e9es de tout confort. Les chambres disposent d'un lit double ou, sur demande, de deux lits simples","robots":{"index":"index","follow":"follow","max-snippet":"max-snippet:-1","max-image-preview":"max-image-preview:large","max-video-preview":"max-video-preview:-1"},"canonical":"https:\/\/www.hotelimpero.cr.it\/fr\/chambres\/chambre-double-ou-lits-jumeaux-club\/","og_locale":"fr_FR","og_type":"article","og_title":"Chambre double ou lits jumeaux CLUB &#8226; Hotel Impero &#8226;","og_description":"Chambres situ\u00e9es au dernier \u00e9tage de l'h\u00f4tel, au 4\u00e8me \u00e9tage, enti\u00e8rement r\u00e9nov\u00e9es avec des meubles modernes, \u00e9quip\u00e9es de tout confort. Les chambres disposent d'un lit double ou, sur demande, de deux lits simples","og_url":"https:\/\/www.hotelimpero.cr.it\/fr\/chambres\/chambre-double-ou-lits-jumeaux-club\/","og_site_name":"Hotel Impero","article_modified_time":"2023-03-21T13:13:56+00:00","twitter_card":"summary_large_image","schema":{"@context":"https:\/\/schema.org","@graph":[{"@type":"WebPage","@id":"https:\/\/www.hotelimpero.cr.it\/fr\/chambres\/chambre-double-ou-lits-jumeaux-club\/","url":"https:\/\/www.hotelimpero.cr.it\/fr\/chambres\/chambre-double-ou-lits-jumeaux-club\/","name":"Chambre double ou lits jumeaux CLUB &#8226; Hotel Impero &#8226;","isPartOf":{"@id":"https:\/\/www.hotelimpero.cr.it\/fr\/#website"},"datePublished":"2023-03-21T13:13:41+00:00","dateModified":"2023-03-21T13:13:56+00:00","description":"Chambres situ\u00e9es au dernier \u00e9tage de l'h\u00f4tel, au 4\u00e8me \u00e9tage, enti\u00e8rement r\u00e9nov\u00e9es avec des meubles modernes, \u00e9quip\u00e9es de tout confort. Les chambres disposent d'un lit double ou, sur demande, de deux lits simples","breadcrumb":{"@id":"https:\/\/www.hotelimpero.cr.it\/fr\/chambres\/chambre-double-ou-lits-jumeaux-club\/#breadcrumb"},"inLanguage":"fr-FR","potentialAction":[{"@type":"ReadAction","target":["https:\/\/www.hotelimpero.cr.it\/fr\/chambres\/chambre-double-ou-lits-jumeaux-club\/"]}]},{"@type":"BreadcrumbList","@id":"https:\/\/www.hotelimpero.cr.it\/fr\/chambres\/chambre-double-ou-lits-jumeaux-club\/#breadcrumb","itemListElement":[{"@type":"ListItem","position":1,"name":"Home","item":"https:\/\/www.hotelimpero.cr.it\/fr\/"},{"@type":"ListItem","position":2,"name":"Chambres","item":"https:\/\/www.hotelimpero.cr.it\/fr\/chambres\/"},{"@type":"ListItem","position":3,"name":"Chambre double ou lits jumeaux CLUB"}]},{"@type":"WebSite","@id":"https:\/\/www.hotelimpero.cr.it\/fr\/#website","url":"https:\/\/www.hotelimpero.cr.it\/fr\/","name":"Hotel Impero","description":"Just another ms.decms.eu site","potentialAction":[{"@type":"SearchAction","target":{"@type":"EntryPoint","urlTemplate":"https:\/\/www.hotelimpero.cr.it\/fr\/?s={search_term_string}"},"query-input":{"@type":"PropertyValueSpecification","valueRequired":true,"valueName":"search_term_string"}}],"inLanguage":"fr-FR"}]}},"acf":[],"_links":{"self":[{"href":"https:\/\/www.hotelimpero.cr.it\/fr\/wp-json\/wp\/v2\/pages\/459","targetHints":{"allow":["GET"]}}],"collection":[{"href":"https:\/\/www.hotelimpero.cr.it\/fr\/wp-json\/wp\/v2\/pages"}],"about":[{"href":"https:\/\/www.hotelimpero.cr.it\/fr\/wp-json\/wp\/v2\/types\/page"}],"author":[{"embeddable":true,"href":"https:\/\/www.hotelimpero.cr.it\/fr\/wp-json\/wp\/v2\/users\/344"}],"replies":[{"embeddable":true,"href":"https:\/\/www.hotelimpero.cr.it\/fr\/wp-json\/wp\/v2\/comments?post=459"}],"version-history":[{"count":0,"href":"https:\/\/www.hotelimpero.cr.it\/fr\/wp-json\/wp\/v2\/pages\/459\/revisions"}],"up":[{"embeddable":true,"href":"https:\/\/www.hotelimpero.cr.it\/fr\/wp-json\/wp\/v2\/pages\/299"}],"wp:attachment":[{"href":"https:\/\/www.hotelimpero.cr.it\/fr\/wp-json\/wp\/v2\/media?parent=459"}],"curies":[{"name":"wp","href":"https:\/\/api.w.org\/{rel}","templated":true}]}}