{"id":335,"date":"2021-09-17T17:07:02","date_gmt":"2021-09-17T17:07:02","guid":{"rendered":"https:\/\/hotel-impero.ms.decms.eu\/?page_id=335"},"modified":"2021-10-08T07:07:13","modified_gmt":"2021-10-08T07:07:13","slug":"ou-sommes-nous","status":"publish","type":"page","link":"https:\/\/www.hotelimpero.cr.it\/fr\/ou-sommes-nous\/","title":{"rendered":"Ou&rsquo; Sommes Nous"},"content":{"rendered":"<p style=\"text-align: center;\"><strong>Hotel Impero,<\/strong><br \/>\nPiazza della Pace, 21<br \/>\n26100 Cremona<\/p>\n<p style=\"text-align: center;\">Telefono. <a href=\"tel:+390372413013\" target=\"_blank\" rel=\"noopener\">+39 0372 413013<\/a><br \/>\nFax. +39 0372 457295<\/p>\n<p style=\"text-align: center;\">Whatsapp. <a href=\"https:\/\/api.whatsapp.com\/send?phone=390372413013\" target=\"_blank\" rel=\"noopener\">+39 0372 413013<\/a><\/p>\n<p style=\"text-align: center;\">e-mail: <a href=\"mailto:impero@cremonahotels.it\">impero@cremonahotels.it<\/a><\/p>\n<p>&nbsp;<\/p>\n<p>Nous sommes \u00a0dans le c\u0153ur du centre historique \u00e0 un kilom\u00e8tre de la gare routi\u00e8re et \u00e0 4 km environ du p\u00e9age de l\u2019autoroute de Cr\u00e9mone.<\/p>\n<p>L\u2019hotel, \u00e9tant proche de la Cath\u00e9drale, se trouve en zone \u00e0 circulation limit\u00e9e, mais les clients peuvent s\u2019arr\u00eater devant l\u2019hotel\u00a0 pour charger et d\u00e9charger leurs bagages en face de l\u2019hotel (sauf le mercredi et le samedi matin, quand il y a le march\u00e9). Ils doivent communiquer le num\u00e9ro de plaque \u00e0 la r\u00e9ception.<\/p>\n","protected":false},"excerpt":{"rendered":"<p>Hotel Impero, Piazza della Pace, 21 26100 Cremona Telefono. +39 0372 413013 Fax. +39 0372 457295 Whatsapp. +39 0372 413013 e-mail: impero@cremonahotels.it &nbsp; Nous sommes \u00a0dans le c\u0153ur du centre historique \u00e0 un kilom\u00e8tre de la gare routi\u00e8re et \u00e0 4 km environ du p\u00e9age de l\u2019autoroute de Cr\u00e9mone. L\u2019hotel, \u00e9tant proche de la Cath\u00e9drale, [&hellip;]<\/p>\n","protected":false},"author":344,"featured_media":0,"parent":0,"menu_order":80,"comment_status":"closed","ping_status":"closed","template":"","meta":{"footnotes":""},"class_list":["post-335","page","type-page","status-publish","hentry"],"yoast_head":"<!-- This site is optimized with the Yoast SEO plugin v26.9 - https:\/\/yoast.com\/product\/yoast-seo-wordpress\/ -->\n<title>Ou&#039; Sommes Nous &#8226; Hotel Impero &#8226;<\/title>\n<meta name=\"description\" content=\"Hotel Impero, Piazza della Pace, 21 26100 Cremona Telefono. +39 0372 413013 Fax\" \/>\n<meta name=\"robots\" content=\"index, follow, max-snippet:-1, max-image-preview:large, max-video-preview:-1\" \/>\n<link rel=\"canonical\" href=\"https:\/\/www.hotelimpero.cr.it\/fr\/ou-sommes-nous\/\" \/>\n<meta property=\"og:locale\" content=\"fr_FR\" \/>\n<meta property=\"og:type\" content=\"article\" \/>\n<meta property=\"og:title\" content=\"Ou&#039; Sommes Nous &#8226; Hotel Impero &#8226;\" \/>\n<meta property=\"og:description\" content=\"Hotel Impero, Piazza della Pace, 21 26100 Cremona Telefono. +39 0372 413013 Fax\" \/>\n<meta property=\"og:url\" content=\"https:\/\/www.hotelimpero.cr.it\/fr\/ou-sommes-nous\/\" \/>\n<meta property=\"og:site_name\" content=\"Hotel Impero\" \/>\n<meta property=\"article:modified_time\" content=\"2021-10-08T07:07:13+00:00\" \/>\n<meta name=\"twitter:card\" content=\"summary_large_image\" \/>\n<meta name=\"twitter:label1\" content=\"Dur\u00e9e de lecture estim\u00e9e\" \/>\n\t<meta name=\"twitter:data1\" content=\"1 minute\" \/>\n<script type=\"application\/ld+json\" class=\"yoast-schema-graph\">{\"@context\":\"https:\/\/schema.org\",\"@graph\":[{\"@type\":\"WebPage\",\"@id\":\"https:\/\/www.hotelimpero.cr.it\/fr\/ou-sommes-nous\/\",\"url\":\"https:\/\/www.hotelimpero.cr.it\/fr\/ou-sommes-nous\/\",\"name\":\"Ou' Sommes Nous &#8226; Hotel Impero &#8226;\",\"isPartOf\":{\"@id\":\"https:\/\/www.hotelimpero.cr.it\/fr\/#website\"},\"datePublished\":\"2021-09-17T17:07:02+00:00\",\"dateModified\":\"2021-10-08T07:07:13+00:00\",\"description\":\"Hotel Impero, Piazza della Pace, 21 26100 Cremona Telefono. +39 0372 413013 Fax\",\"breadcrumb\":{\"@id\":\"https:\/\/www.hotelimpero.cr.it\/fr\/ou-sommes-nous\/#breadcrumb\"},\"inLanguage\":\"fr-FR\",\"potentialAction\":[{\"@type\":\"ReadAction\",\"target\":[\"https:\/\/www.hotelimpero.cr.it\/fr\/ou-sommes-nous\/\"]}]},{\"@type\":\"BreadcrumbList\",\"@id\":\"https:\/\/www.hotelimpero.cr.it\/fr\/ou-sommes-nous\/#breadcrumb\",\"itemListElement\":[{\"@type\":\"ListItem\",\"position\":1,\"name\":\"Home\",\"item\":\"https:\/\/www.hotelimpero.cr.it\/fr\/\"},{\"@type\":\"ListItem\",\"position\":2,\"name\":\"Ou&rsquo; Sommes Nous\"}]},{\"@type\":\"WebSite\",\"@id\":\"https:\/\/www.hotelimpero.cr.it\/fr\/#website\",\"url\":\"https:\/\/www.hotelimpero.cr.it\/fr\/\",\"name\":\"Hotel Impero\",\"description\":\"Just another ms.decms.eu site\",\"potentialAction\":[{\"@type\":\"SearchAction\",\"target\":{\"@type\":\"EntryPoint\",\"urlTemplate\":\"https:\/\/www.hotelimpero.cr.it\/fr\/?s={search_term_string}\"},\"query-input\":{\"@type\":\"PropertyValueSpecification\",\"valueRequired\":true,\"valueName\":\"search_term_string\"}}],\"inLanguage\":\"fr-FR\"}]}<\/script>\n<!-- \/ Yoast SEO plugin. -->","yoast_head_json":{"title":"Ou' Sommes Nous &#8226; Hotel Impero &#8226;","description":"Hotel Impero, Piazza della Pace, 21 26100 Cremona Telefono. +39 0372 413013 Fax","robots":{"index":"index","follow":"follow","max-snippet":"max-snippet:-1","max-image-preview":"max-image-preview:large","max-video-preview":"max-video-preview:-1"},"canonical":"https:\/\/www.hotelimpero.cr.it\/fr\/ou-sommes-nous\/","og_locale":"fr_FR","og_type":"article","og_title":"Ou' Sommes Nous &#8226; Hotel Impero &#8226;","og_description":"Hotel Impero, Piazza della Pace, 21 26100 Cremona Telefono. +39 0372 413013 Fax","og_url":"https:\/\/www.hotelimpero.cr.it\/fr\/ou-sommes-nous\/","og_site_name":"Hotel Impero","article_modified_time":"2021-10-08T07:07:13+00:00","twitter_card":"summary_large_image","twitter_misc":{"Dur\u00e9e de lecture estim\u00e9e":"1 minute"},"schema":{"@context":"https:\/\/schema.org","@graph":[{"@type":"WebPage","@id":"https:\/\/www.hotelimpero.cr.it\/fr\/ou-sommes-nous\/","url":"https:\/\/www.hotelimpero.cr.it\/fr\/ou-sommes-nous\/","name":"Ou' Sommes Nous &#8226; Hotel Impero &#8226;","isPartOf":{"@id":"https:\/\/www.hotelimpero.cr.it\/fr\/#website"},"datePublished":"2021-09-17T17:07:02+00:00","dateModified":"2021-10-08T07:07:13+00:00","description":"Hotel Impero, Piazza della Pace, 21 26100 Cremona Telefono. +39 0372 413013 Fax","breadcrumb":{"@id":"https:\/\/www.hotelimpero.cr.it\/fr\/ou-sommes-nous\/#breadcrumb"},"inLanguage":"fr-FR","potentialAction":[{"@type":"ReadAction","target":["https:\/\/www.hotelimpero.cr.it\/fr\/ou-sommes-nous\/"]}]},{"@type":"BreadcrumbList","@id":"https:\/\/www.hotelimpero.cr.it\/fr\/ou-sommes-nous\/#breadcrumb","itemListElement":[{"@type":"ListItem","position":1,"name":"Home","item":"https:\/\/www.hotelimpero.cr.it\/fr\/"},{"@type":"ListItem","position":2,"name":"Ou&rsquo; Sommes Nous"}]},{"@type":"WebSite","@id":"https:\/\/www.hotelimpero.cr.it\/fr\/#website","url":"https:\/\/www.hotelimpero.cr.it\/fr\/","name":"Hotel Impero","description":"Just another ms.decms.eu site","potentialAction":[{"@type":"SearchAction","target":{"@type":"EntryPoint","urlTemplate":"https:\/\/www.hotelimpero.cr.it\/fr\/?s={search_term_string}"},"query-input":{"@type":"PropertyValueSpecification","valueRequired":true,"valueName":"search_term_string"}}],"inLanguage":"fr-FR"}]}},"acf":[],"_links":{"self":[{"href":"https:\/\/www.hotelimpero.cr.it\/fr\/wp-json\/wp\/v2\/pages\/335","targetHints":{"allow":["GET"]}}],"collection":[{"href":"https:\/\/www.hotelimpero.cr.it\/fr\/wp-json\/wp\/v2\/pages"}],"about":[{"href":"https:\/\/www.hotelimpero.cr.it\/fr\/wp-json\/wp\/v2\/types\/page"}],"author":[{"embeddable":true,"href":"https:\/\/www.hotelimpero.cr.it\/fr\/wp-json\/wp\/v2\/users\/344"}],"replies":[{"embeddable":true,"href":"https:\/\/www.hotelimpero.cr.it\/fr\/wp-json\/wp\/v2\/comments?post=335"}],"version-history":[{"count":0,"href":"https:\/\/www.hotelimpero.cr.it\/fr\/wp-json\/wp\/v2\/pages\/335\/revisions"}],"wp:attachment":[{"href":"https:\/\/www.hotelimpero.cr.it\/fr\/wp-json\/wp\/v2\/media?parent=335"}],"curies":[{"name":"wp","href":"https:\/\/api.w.org\/{rel}","templated":true}]}}