{"id":326,"date":"2021-09-17T16:54:13","date_gmt":"2021-09-17T16:54:13","guid":{"rendered":"https:\/\/hotel-impero.ms.decms.eu\/?page_id=326"},"modified":"2021-09-22T07:33:32","modified_gmt":"2021-09-22T07:33:32","slug":"hobos-bar","status":"publish","type":"page","link":"https:\/\/www.hotelimpero.cr.it\/fr\/service\/hobos-bar\/","title":{"rendered":"Hobos Bar"},"content":{"rendered":"<p>Hobos, \u00e0 partir de 18 heures jusqu\u2019\u00e0 21.30, vous propose des ap\u00e9ritifs et des cocktails personnalis\u00e9s avec des finger foods con\u00e7us et \u00a0cr\u00e9es par une des plus c\u00e9l\u00e8bres gastronomies de Cr\u00e9mone. Une int\u00e9ressante carte des vins et des bi\u00e8res maisons est \u00e0 disposition des clients.<\/p>\n","protected":false},"excerpt":{"rendered":"<p>Hobos, \u00e0 partir de 18 heures jusqu\u2019\u00e0 21.30, vous propose des ap\u00e9ritifs et des cocktails personnalis\u00e9s avec des finger foods con\u00e7us et \u00a0cr\u00e9es par une des plus c\u00e9l\u00e8bres gastronomies de Cr\u00e9mone. Une int\u00e9ressante carte des vins et des bi\u00e8res maisons est \u00e0 disposition des clients.<\/p>\n","protected":false},"author":344,"featured_media":0,"parent":315,"menu_order":30,"comment_status":"closed","ping_status":"closed","template":"","meta":{"footnotes":""},"class_list":["post-326","page","type-page","status-publish","hentry"],"yoast_head":"<!-- This site is optimized with the Yoast SEO plugin v26.9 - https:\/\/yoast.com\/product\/yoast-seo-wordpress\/ -->\n<title>Hobos Bar &#8226; Hotel Impero &#8226;<\/title>\n<meta name=\"description\" content=\"Hobos, \u00e0 partir de 18 heures jusqu\u2019\u00e0 21.30, vous propose des ap\u00e9ritifs et des cocktails personnalis\u00e9s avec des finger foods con\u00e7us et \u00a0cr\u00e9es par une des plus c\u00e9l\u00e8bres gastronomies de Cr\u00e9mone. Une int\u00e9ressante carte des vins et des bi\u00e8res maisons est \u00e0 disposition des clients.\" \/>\n<meta name=\"robots\" content=\"index, follow, max-snippet:-1, max-image-preview:large, max-video-preview:-1\" \/>\n<link rel=\"canonical\" href=\"https:\/\/www.hotelimpero.cr.it\/fr\/service\/hobos-bar\/\" \/>\n<meta property=\"og:locale\" content=\"fr_FR\" \/>\n<meta property=\"og:type\" content=\"article\" \/>\n<meta property=\"og:title\" content=\"Hobos Bar &#8226; Hotel Impero &#8226;\" \/>\n<meta property=\"og:description\" content=\"Hobos, \u00e0 partir de 18 heures jusqu\u2019\u00e0 21.30, vous propose des ap\u00e9ritifs et des cocktails personnalis\u00e9s avec des finger foods con\u00e7us et \u00a0cr\u00e9es par une des plus c\u00e9l\u00e8bres gastronomies de Cr\u00e9mone. Une int\u00e9ressante carte des vins et des bi\u00e8res maisons est \u00e0 disposition des clients.\" \/>\n<meta property=\"og:url\" content=\"https:\/\/www.hotelimpero.cr.it\/fr\/service\/hobos-bar\/\" \/>\n<meta property=\"og:site_name\" content=\"Hotel Impero\" \/>\n<meta property=\"article:modified_time\" content=\"2021-09-22T07:33:32+00:00\" \/>\n<meta name=\"twitter:card\" content=\"summary_large_image\" \/>\n<script type=\"application\/ld+json\" class=\"yoast-schema-graph\">{\"@context\":\"https:\/\/schema.org\",\"@graph\":[{\"@type\":\"WebPage\",\"@id\":\"https:\/\/www.hotelimpero.cr.it\/fr\/service\/hobos-bar\/\",\"url\":\"https:\/\/www.hotelimpero.cr.it\/fr\/service\/hobos-bar\/\",\"name\":\"Hobos Bar &#8226; Hotel Impero &#8226;\",\"isPartOf\":{\"@id\":\"https:\/\/www.hotelimpero.cr.it\/fr\/#website\"},\"datePublished\":\"2021-09-17T16:54:13+00:00\",\"dateModified\":\"2021-09-22T07:33:32+00:00\",\"description\":\"Hobos, \u00e0 partir de 18 heures jusqu\u2019\u00e0 21.30, vous propose des ap\u00e9ritifs et des cocktails personnalis\u00e9s avec des finger foods con\u00e7us et \u00a0cr\u00e9es par une des plus c\u00e9l\u00e8bres gastronomies de Cr\u00e9mone. Une int\u00e9ressante carte des vins et des bi\u00e8res maisons est \u00e0 disposition des clients.\",\"breadcrumb\":{\"@id\":\"https:\/\/www.hotelimpero.cr.it\/fr\/service\/hobos-bar\/#breadcrumb\"},\"inLanguage\":\"fr-FR\",\"potentialAction\":[{\"@type\":\"ReadAction\",\"target\":[\"https:\/\/www.hotelimpero.cr.it\/fr\/service\/hobos-bar\/\"]}]},{\"@type\":\"BreadcrumbList\",\"@id\":\"https:\/\/www.hotelimpero.cr.it\/fr\/service\/hobos-bar\/#breadcrumb\",\"itemListElement\":[{\"@type\":\"ListItem\",\"position\":1,\"name\":\"Home\",\"item\":\"https:\/\/www.hotelimpero.cr.it\/fr\/\"},{\"@type\":\"ListItem\",\"position\":2,\"name\":\"Service\",\"item\":\"https:\/\/www.hotelimpero.cr.it\/fr\/service\/\"},{\"@type\":\"ListItem\",\"position\":3,\"name\":\"Hobos Bar\"}]},{\"@type\":\"WebSite\",\"@id\":\"https:\/\/www.hotelimpero.cr.it\/fr\/#website\",\"url\":\"https:\/\/www.hotelimpero.cr.it\/fr\/\",\"name\":\"Hotel Impero\",\"description\":\"Just another ms.decms.eu site\",\"potentialAction\":[{\"@type\":\"SearchAction\",\"target\":{\"@type\":\"EntryPoint\",\"urlTemplate\":\"https:\/\/www.hotelimpero.cr.it\/fr\/?s={search_term_string}\"},\"query-input\":{\"@type\":\"PropertyValueSpecification\",\"valueRequired\":true,\"valueName\":\"search_term_string\"}}],\"inLanguage\":\"fr-FR\"}]}<\/script>\n<!-- \/ Yoast SEO plugin. -->","yoast_head_json":{"title":"Hobos Bar &#8226; Hotel Impero &#8226;","description":"Hobos, \u00e0 partir de 18 heures jusqu\u2019\u00e0 21.30, vous propose des ap\u00e9ritifs et des cocktails personnalis\u00e9s avec des finger foods con\u00e7us et \u00a0cr\u00e9es par une des plus c\u00e9l\u00e8bres gastronomies de Cr\u00e9mone. Une int\u00e9ressante carte des vins et des bi\u00e8res maisons est \u00e0 disposition des clients.","robots":{"index":"index","follow":"follow","max-snippet":"max-snippet:-1","max-image-preview":"max-image-preview:large","max-video-preview":"max-video-preview:-1"},"canonical":"https:\/\/www.hotelimpero.cr.it\/fr\/service\/hobos-bar\/","og_locale":"fr_FR","og_type":"article","og_title":"Hobos Bar &#8226; Hotel Impero &#8226;","og_description":"Hobos, \u00e0 partir de 18 heures jusqu\u2019\u00e0 21.30, vous propose des ap\u00e9ritifs et des cocktails personnalis\u00e9s avec des finger foods con\u00e7us et \u00a0cr\u00e9es par une des plus c\u00e9l\u00e8bres gastronomies de Cr\u00e9mone. Une int\u00e9ressante carte des vins et des bi\u00e8res maisons est \u00e0 disposition des clients.","og_url":"https:\/\/www.hotelimpero.cr.it\/fr\/service\/hobos-bar\/","og_site_name":"Hotel Impero","article_modified_time":"2021-09-22T07:33:32+00:00","twitter_card":"summary_large_image","schema":{"@context":"https:\/\/schema.org","@graph":[{"@type":"WebPage","@id":"https:\/\/www.hotelimpero.cr.it\/fr\/service\/hobos-bar\/","url":"https:\/\/www.hotelimpero.cr.it\/fr\/service\/hobos-bar\/","name":"Hobos Bar &#8226; Hotel Impero &#8226;","isPartOf":{"@id":"https:\/\/www.hotelimpero.cr.it\/fr\/#website"},"datePublished":"2021-09-17T16:54:13+00:00","dateModified":"2021-09-22T07:33:32+00:00","description":"Hobos, \u00e0 partir de 18 heures jusqu\u2019\u00e0 21.30, vous propose des ap\u00e9ritifs et des cocktails personnalis\u00e9s avec des finger foods con\u00e7us et \u00a0cr\u00e9es par une des plus c\u00e9l\u00e8bres gastronomies de Cr\u00e9mone. Une int\u00e9ressante carte des vins et des bi\u00e8res maisons est \u00e0 disposition des clients.","breadcrumb":{"@id":"https:\/\/www.hotelimpero.cr.it\/fr\/service\/hobos-bar\/#breadcrumb"},"inLanguage":"fr-FR","potentialAction":[{"@type":"ReadAction","target":["https:\/\/www.hotelimpero.cr.it\/fr\/service\/hobos-bar\/"]}]},{"@type":"BreadcrumbList","@id":"https:\/\/www.hotelimpero.cr.it\/fr\/service\/hobos-bar\/#breadcrumb","itemListElement":[{"@type":"ListItem","position":1,"name":"Home","item":"https:\/\/www.hotelimpero.cr.it\/fr\/"},{"@type":"ListItem","position":2,"name":"Service","item":"https:\/\/www.hotelimpero.cr.it\/fr\/service\/"},{"@type":"ListItem","position":3,"name":"Hobos Bar"}]},{"@type":"WebSite","@id":"https:\/\/www.hotelimpero.cr.it\/fr\/#website","url":"https:\/\/www.hotelimpero.cr.it\/fr\/","name":"Hotel Impero","description":"Just another ms.decms.eu site","potentialAction":[{"@type":"SearchAction","target":{"@type":"EntryPoint","urlTemplate":"https:\/\/www.hotelimpero.cr.it\/fr\/?s={search_term_string}"},"query-input":{"@type":"PropertyValueSpecification","valueRequired":true,"valueName":"search_term_string"}}],"inLanguage":"fr-FR"}]}},"acf":[],"_links":{"self":[{"href":"https:\/\/www.hotelimpero.cr.it\/fr\/wp-json\/wp\/v2\/pages\/326","targetHints":{"allow":["GET"]}}],"collection":[{"href":"https:\/\/www.hotelimpero.cr.it\/fr\/wp-json\/wp\/v2\/pages"}],"about":[{"href":"https:\/\/www.hotelimpero.cr.it\/fr\/wp-json\/wp\/v2\/types\/page"}],"author":[{"embeddable":true,"href":"https:\/\/www.hotelimpero.cr.it\/fr\/wp-json\/wp\/v2\/users\/344"}],"replies":[{"embeddable":true,"href":"https:\/\/www.hotelimpero.cr.it\/fr\/wp-json\/wp\/v2\/comments?post=326"}],"version-history":[{"count":0,"href":"https:\/\/www.hotelimpero.cr.it\/fr\/wp-json\/wp\/v2\/pages\/326\/revisions"}],"up":[{"embeddable":true,"href":"https:\/\/www.hotelimpero.cr.it\/fr\/wp-json\/wp\/v2\/pages\/315"}],"wp:attachment":[{"href":"https:\/\/www.hotelimpero.cr.it\/fr\/wp-json\/wp\/v2\/media?parent=326"}],"curies":[{"name":"wp","href":"https:\/\/api.w.org\/{rel}","templated":true}]}}