{"id":3,"date":"2021-07-05T08:12:04","date_gmt":"2021-07-05T08:12:04","guid":{"rendered":"https:\/\/hotel-impero.ms.decms.eu\/?page_id=3"},"modified":"2023-10-13T08:10:31","modified_gmt":"2023-10-13T08:10:31","slug":"homepage","status":"publish","type":"page","link":"https:\/\/www.hotelimpero.cr.it\/fr\/","title":{"rendered":"Accueil"},"content":{"rendered":"<p>Il a \u00e9t\u00e9 fond\u00e9 en 1930 sous le nom de Grand H\u00f4tel Impero dans le style de l&rsquo;\u00e9poque.<\/p>\n<p>Enti\u00e8rement r\u00e9nov\u00e9 en 2004 en pr\u00e9servant son style, il est situ\u00e9 dans le c\u0153ur m\u00e9di\u00e9val de Cr\u00e9mone, \u00e0 50 m\u00e8tres de la c\u00e9l\u00e8bre Piazza del Duomo, du Torrazzo, du Mus\u00e9e du Violon, du Th\u00e9\u00e2tre Ponchielli et des meilleurs restaurants et bars du centre historique.<\/p>\n<p>Au dernier \u00e9tage de l&rsquo;h\u00f4tel se trouve l&rsquo;\u00e9tage Club avec les nouvelles chambres ex\u00e9cutives.<\/p>\n","protected":false},"excerpt":{"rendered":"<p>Il a \u00e9t\u00e9 fond\u00e9 en 1930 sous le nom de Grand H\u00f4tel Impero dans le style de l&rsquo;\u00e9poque. Enti\u00e8rement r\u00e9nov\u00e9 en 2004 en pr\u00e9servant son style, il est situ\u00e9 dans le c\u0153ur m\u00e9di\u00e9val de Cr\u00e9mone, \u00e0 50 m\u00e8tres de la c\u00e9l\u00e8bre Piazza del Duomo, du Torrazzo, du Mus\u00e9e du Violon, du Th\u00e9\u00e2tre Ponchielli et des [&hellip;]<\/p>\n","protected":false},"author":17,"featured_media":0,"parent":0,"menu_order":0,"comment_status":"closed","ping_status":"closed","template":"","meta":{"footnotes":""},"class_list":["post-3","page","type-page","status-publish","hentry"],"yoast_head":"<!-- This site is optimized with the Yoast SEO plugin v26.9 - https:\/\/yoast.com\/product\/yoast-seo-wordpress\/ -->\n<title>Accueil &#8226; au coeur m\u00e9di\u00e9val de Cr\u00e9mone<\/title>\n<meta name=\"description\" content=\"Il a \u00e9t\u00e9 fond\u00e9 en 1930 sous le nom de Grand H\u00f4tel Impero dans le style de l&#039;\u00e9poque.  Enti\u00e8rement r\u00e9nov\u00e9 en 2004 en pr\u00e9servant son style, il est situ\u00e9 dans le c\u0153ur m\u00e9di\u00e9val de Cr\u00e9mone, \u00e0 50 m\u00e8tres de la c\u00e9l\u00e8bre Piazza del Duomo, du Torrazzo, du Mus\u00e9e du Violon, du Th\u00e9\u00e2tre Ponchielli et des meilleurs restaurants et bars du centre historique.  Au dernier \u00e9tage de l&#039;h\u00f4tel se trouve l&#039;\u00e9tage Club avec les nouvelles chambres ex\u00e9cutives..\" \/>\n<meta name=\"robots\" content=\"index, follow, max-snippet:-1, max-image-preview:large, max-video-preview:-1\" \/>\n<link rel=\"canonical\" href=\"https:\/\/www.hotelimpero.cr.it\/fr\/\" \/>\n<meta property=\"og:locale\" content=\"fr_FR\" \/>\n<meta property=\"og:type\" content=\"article\" \/>\n<meta property=\"og:title\" content=\"Accueil &#8226; au coeur m\u00e9di\u00e9val de Cr\u00e9mone\" \/>\n<meta property=\"og:description\" content=\"Il a \u00e9t\u00e9 fond\u00e9 en 1930 sous le nom de Grand H\u00f4tel Impero dans le style de l&#039;\u00e9poque.  Enti\u00e8rement r\u00e9nov\u00e9 en 2004 en pr\u00e9servant son style, il est situ\u00e9 dans le c\u0153ur m\u00e9di\u00e9val de Cr\u00e9mone, \u00e0 50 m\u00e8tres de la c\u00e9l\u00e8bre Piazza del Duomo, du Torrazzo, du Mus\u00e9e du Violon, du Th\u00e9\u00e2tre Ponchielli et des meilleurs restaurants et bars du centre historique.  Au dernier \u00e9tage de l&#039;h\u00f4tel se trouve l&#039;\u00e9tage Club avec les nouvelles chambres ex\u00e9cutives..\" \/>\n<meta property=\"og:url\" content=\"https:\/\/www.hotelimpero.cr.it\/fr\/\" \/>\n<meta property=\"og:site_name\" content=\"Hotel Impero\" \/>\n<meta property=\"article:modified_time\" content=\"2023-10-13T08:10:31+00:00\" \/>\n<meta name=\"twitter:card\" content=\"summary_large_image\" \/>\n<meta name=\"twitter:label1\" content=\"Dur\u00e9e de lecture estim\u00e9e\" \/>\n\t<meta name=\"twitter:data1\" content=\"1 minute\" \/>\n<script type=\"application\/ld+json\" class=\"yoast-schema-graph\">{\"@context\":\"https:\/\/schema.org\",\"@graph\":[{\"@type\":\"WebPage\",\"@id\":\"https:\/\/www.hotelimpero.cr.it\/fr\/\",\"url\":\"https:\/\/www.hotelimpero.cr.it\/fr\/\",\"name\":\"Accueil &#8226; au coeur m\u00e9di\u00e9val de Cr\u00e9mone\",\"isPartOf\":{\"@id\":\"https:\/\/www.hotelimpero.cr.it\/fr\/#website\"},\"datePublished\":\"2021-07-05T08:12:04+00:00\",\"dateModified\":\"2023-10-13T08:10:31+00:00\",\"description\":\"Il a \u00e9t\u00e9 fond\u00e9 en 1930 sous le nom de Grand H\u00f4tel Impero dans le style de l'\u00e9poque. Enti\u00e8rement r\u00e9nov\u00e9 en 2004 en pr\u00e9servant son style, il est situ\u00e9 dans le c\u0153ur m\u00e9di\u00e9val de Cr\u00e9mone, \u00e0 50 m\u00e8tres de la c\u00e9l\u00e8bre Piazza del Duomo, du Torrazzo, du Mus\u00e9e du Violon, du Th\u00e9\u00e2tre Ponchielli et des meilleurs restaurants et bars du centre historique. Au dernier \u00e9tage de l'h\u00f4tel se trouve l'\u00e9tage Club avec les nouvelles chambres ex\u00e9cutives..\",\"breadcrumb\":{\"@id\":\"https:\/\/www.hotelimpero.cr.it\/fr\/#breadcrumb\"},\"inLanguage\":\"fr-FR\",\"potentialAction\":[{\"@type\":\"ReadAction\",\"target\":[\"https:\/\/www.hotelimpero.cr.it\/fr\/\"]}]},{\"@type\":\"BreadcrumbList\",\"@id\":\"https:\/\/www.hotelimpero.cr.it\/fr\/#breadcrumb\",\"itemListElement\":[{\"@type\":\"ListItem\",\"position\":1,\"name\":\"Home\",\"item\":\"https:\/\/www.hotelimpero.cr.it\/fr\/\"},{\"@type\":\"ListItem\",\"position\":2,\"name\":\"Accueil\"}]},{\"@type\":\"WebSite\",\"@id\":\"https:\/\/www.hotelimpero.cr.it\/fr\/#website\",\"url\":\"https:\/\/www.hotelimpero.cr.it\/fr\/\",\"name\":\"Hotel Impero\",\"description\":\"Just another ms.decms.eu site\",\"potentialAction\":[{\"@type\":\"SearchAction\",\"target\":{\"@type\":\"EntryPoint\",\"urlTemplate\":\"https:\/\/www.hotelimpero.cr.it\/fr\/?s={search_term_string}\"},\"query-input\":{\"@type\":\"PropertyValueSpecification\",\"valueRequired\":true,\"valueName\":\"search_term_string\"}}],\"inLanguage\":\"fr-FR\"}]}<\/script>\n<!-- \/ Yoast SEO plugin. -->","yoast_head_json":{"title":"Accueil &#8226; au coeur m\u00e9di\u00e9val de Cr\u00e9mone","description":"Il a \u00e9t\u00e9 fond\u00e9 en 1930 sous le nom de Grand H\u00f4tel Impero dans le style de l'\u00e9poque.  Enti\u00e8rement r\u00e9nov\u00e9 en 2004 en pr\u00e9servant son style, il est situ\u00e9 dans le c\u0153ur m\u00e9di\u00e9val de Cr\u00e9mone, \u00e0 50 m\u00e8tres de la c\u00e9l\u00e8bre Piazza del Duomo, du Torrazzo, du Mus\u00e9e du Violon, du Th\u00e9\u00e2tre Ponchielli et des meilleurs restaurants et bars du centre historique.  Au dernier \u00e9tage de l'h\u00f4tel se trouve l'\u00e9tage Club avec les nouvelles chambres ex\u00e9cutives..","robots":{"index":"index","follow":"follow","max-snippet":"max-snippet:-1","max-image-preview":"max-image-preview:large","max-video-preview":"max-video-preview:-1"},"canonical":"https:\/\/www.hotelimpero.cr.it\/fr\/","og_locale":"fr_FR","og_type":"article","og_title":"Accueil &#8226; au coeur m\u00e9di\u00e9val de Cr\u00e9mone","og_description":"Il a \u00e9t\u00e9 fond\u00e9 en 1930 sous le nom de Grand H\u00f4tel Impero dans le style de l'\u00e9poque.  Enti\u00e8rement r\u00e9nov\u00e9 en 2004 en pr\u00e9servant son style, il est situ\u00e9 dans le c\u0153ur m\u00e9di\u00e9val de Cr\u00e9mone, \u00e0 50 m\u00e8tres de la c\u00e9l\u00e8bre Piazza del Duomo, du Torrazzo, du Mus\u00e9e du Violon, du Th\u00e9\u00e2tre Ponchielli et des meilleurs restaurants et bars du centre historique.  Au dernier \u00e9tage de l'h\u00f4tel se trouve l'\u00e9tage Club avec les nouvelles chambres ex\u00e9cutives..","og_url":"https:\/\/www.hotelimpero.cr.it\/fr\/","og_site_name":"Hotel Impero","article_modified_time":"2023-10-13T08:10:31+00:00","twitter_card":"summary_large_image","twitter_misc":{"Dur\u00e9e de lecture estim\u00e9e":"1 minute"},"schema":{"@context":"https:\/\/schema.org","@graph":[{"@type":"WebPage","@id":"https:\/\/www.hotelimpero.cr.it\/fr\/","url":"https:\/\/www.hotelimpero.cr.it\/fr\/","name":"Accueil &#8226; au coeur m\u00e9di\u00e9val de Cr\u00e9mone","isPartOf":{"@id":"https:\/\/www.hotelimpero.cr.it\/fr\/#website"},"datePublished":"2021-07-05T08:12:04+00:00","dateModified":"2023-10-13T08:10:31+00:00","description":"Il a \u00e9t\u00e9 fond\u00e9 en 1930 sous le nom de Grand H\u00f4tel Impero dans le style de l'\u00e9poque. Enti\u00e8rement r\u00e9nov\u00e9 en 2004 en pr\u00e9servant son style, il est situ\u00e9 dans le c\u0153ur m\u00e9di\u00e9val de Cr\u00e9mone, \u00e0 50 m\u00e8tres de la c\u00e9l\u00e8bre Piazza del Duomo, du Torrazzo, du Mus\u00e9e du Violon, du Th\u00e9\u00e2tre Ponchielli et des meilleurs restaurants et bars du centre historique. Au dernier \u00e9tage de l'h\u00f4tel se trouve l'\u00e9tage Club avec les nouvelles chambres ex\u00e9cutives..","breadcrumb":{"@id":"https:\/\/www.hotelimpero.cr.it\/fr\/#breadcrumb"},"inLanguage":"fr-FR","potentialAction":[{"@type":"ReadAction","target":["https:\/\/www.hotelimpero.cr.it\/fr\/"]}]},{"@type":"BreadcrumbList","@id":"https:\/\/www.hotelimpero.cr.it\/fr\/#breadcrumb","itemListElement":[{"@type":"ListItem","position":1,"name":"Home","item":"https:\/\/www.hotelimpero.cr.it\/fr\/"},{"@type":"ListItem","position":2,"name":"Accueil"}]},{"@type":"WebSite","@id":"https:\/\/www.hotelimpero.cr.it\/fr\/#website","url":"https:\/\/www.hotelimpero.cr.it\/fr\/","name":"Hotel Impero","description":"Just another ms.decms.eu site","potentialAction":[{"@type":"SearchAction","target":{"@type":"EntryPoint","urlTemplate":"https:\/\/www.hotelimpero.cr.it\/fr\/?s={search_term_string}"},"query-input":{"@type":"PropertyValueSpecification","valueRequired":true,"valueName":"search_term_string"}}],"inLanguage":"fr-FR"}]}},"acf":[],"_links":{"self":[{"href":"https:\/\/www.hotelimpero.cr.it\/fr\/wp-json\/wp\/v2\/pages\/3","targetHints":{"allow":["GET"]}}],"collection":[{"href":"https:\/\/www.hotelimpero.cr.it\/fr\/wp-json\/wp\/v2\/pages"}],"about":[{"href":"https:\/\/www.hotelimpero.cr.it\/fr\/wp-json\/wp\/v2\/types\/page"}],"author":[{"embeddable":true,"href":"https:\/\/www.hotelimpero.cr.it\/fr\/wp-json\/wp\/v2\/users\/17"}],"replies":[{"embeddable":true,"href":"https:\/\/www.hotelimpero.cr.it\/fr\/wp-json\/wp\/v2\/comments?post=3"}],"version-history":[{"count":0,"href":"https:\/\/www.hotelimpero.cr.it\/fr\/wp-json\/wp\/v2\/pages\/3\/revisions"}],"wp:attachment":[{"href":"https:\/\/www.hotelimpero.cr.it\/fr\/wp-json\/wp\/v2\/media?parent=3"}],"curies":[{"name":"wp","href":"https:\/\/api.w.org\/{rel}","templated":true}]}}