{"id":299,"date":"2021-09-17T16:14:03","date_gmt":"2021-09-17T16:14:03","guid":{"rendered":"https:\/\/hotel-impero.ms.decms.eu\/?page_id=299"},"modified":"2023-02-16T13:59:17","modified_gmt":"2023-02-16T13:59:17","slug":"chambres","status":"publish","type":"page","link":"https:\/\/www.hotelimpero.cr.it\/fr\/chambres\/","title":{"rendered":"Chambres"},"content":{"rendered":"<p>Les 51 chambres meubl\u00e9es en style d\u2019\u00e9poque, le style Impero, ont une vue sur la Cath\u00e9drale, sur la pittoresque place pi\u00e9tonne et sur le m\u00e9di\u00e9val Palais de la Mairie et certaines sur la Cath\u00e9drale et sur le Torrazzo.<\/p>\n<p>TV HD\u00a0\u00a0 avec des chaines internationales et SKY, \u00a0connexion wi-fi \u00e0 grande vitesse et\u00a0 Ethernet, minibar.<\/p>\n","protected":false},"excerpt":{"rendered":"<p>Les 51 chambres meubl\u00e9es en style d\u2019\u00e9poque, le style Impero, ont une vue sur la Cath\u00e9drale, sur la pittoresque place pi\u00e9tonne et sur le m\u00e9di\u00e9val Palais de la Mairie et certaines sur la Cath\u00e9drale et sur le Torrazzo. TV HD\u00a0\u00a0 avec des chaines internationales et SKY, \u00a0connexion wi-fi \u00e0 grande vitesse et\u00a0 Ethernet, minibar.<\/p>\n","protected":false},"author":344,"featured_media":0,"parent":0,"menu_order":30,"comment_status":"closed","ping_status":"closed","template":"template-rooms.php","meta":{"footnotes":""},"class_list":["post-299","page","type-page","status-publish","hentry"],"yoast_head":"<!-- This site is optimized with the Yoast SEO plugin v26.9 - https:\/\/yoast.com\/product\/yoast-seo-wordpress\/ -->\n<title>Chambres &#8226; Hotel Impero &#8226;<\/title>\n<meta name=\"description\" content=\"Les 51 chambres meubl\u00e9es en style d\u2019\u00e9poque, le style Impero, ont une vue sur la Cath\u00e9drale, sur la pittoresque place pi\u00e9tonne et sur le m\u00e9di\u00e9val Palais de la Mairie et certaines sur la Cath\u00e9drale et sur le Torrazzo.  TV HD\u00a0\u00a0 avec des chaines internationales et SKY, \u00a0connexion wi-fi \u00e0 grande vitesse et\u00a0 Ethernet, minibar..\" \/>\n<meta name=\"robots\" content=\"index, follow, max-snippet:-1, max-image-preview:large, max-video-preview:-1\" \/>\n<link rel=\"canonical\" href=\"https:\/\/www.hotelimpero.cr.it\/fr\/chambres\/\" \/>\n<meta property=\"og:locale\" content=\"fr_FR\" \/>\n<meta property=\"og:type\" content=\"article\" \/>\n<meta property=\"og:title\" content=\"Chambres &#8226; Hotel Impero &#8226;\" \/>\n<meta property=\"og:description\" content=\"Les 51 chambres meubl\u00e9es en style d\u2019\u00e9poque, le style Impero, ont une vue sur la Cath\u00e9drale, sur la pittoresque place pi\u00e9tonne et sur le m\u00e9di\u00e9val Palais de la Mairie et certaines sur la Cath\u00e9drale et sur le Torrazzo.  TV HD\u00a0\u00a0 avec des chaines internationales et SKY, \u00a0connexion wi-fi \u00e0 grande vitesse et\u00a0 Ethernet, minibar..\" \/>\n<meta property=\"og:url\" content=\"https:\/\/www.hotelimpero.cr.it\/fr\/chambres\/\" \/>\n<meta property=\"og:site_name\" content=\"Hotel Impero\" \/>\n<meta property=\"article:modified_time\" content=\"2023-02-16T13:59:17+00:00\" \/>\n<meta name=\"twitter:card\" content=\"summary_large_image\" \/>\n<meta name=\"twitter:label1\" content=\"Dur\u00e9e de lecture estim\u00e9e\" \/>\n\t<meta name=\"twitter:data1\" content=\"1 minute\" \/>\n<script type=\"application\/ld+json\" class=\"yoast-schema-graph\">{\"@context\":\"https:\/\/schema.org\",\"@graph\":[{\"@type\":\"WebPage\",\"@id\":\"https:\/\/www.hotelimpero.cr.it\/fr\/chambres\/\",\"url\":\"https:\/\/www.hotelimpero.cr.it\/fr\/chambres\/\",\"name\":\"Chambres &#8226; Hotel Impero &#8226;\",\"isPartOf\":{\"@id\":\"https:\/\/www.hotelimpero.cr.it\/fr\/#website\"},\"datePublished\":\"2021-09-17T16:14:03+00:00\",\"dateModified\":\"2023-02-16T13:59:17+00:00\",\"description\":\"Les 51 chambres meubl\u00e9es en style d\u2019\u00e9poque, le style Impero, ont une vue sur la Cath\u00e9drale, sur la pittoresque place pi\u00e9tonne et sur le m\u00e9di\u00e9val Palais de la Mairie et certaines sur la Cath\u00e9drale et sur le Torrazzo. TV HD\u00a0\u00a0 avec des chaines internationales et SKY, \u00a0connexion wi-fi \u00e0 grande vitesse et\u00a0 Ethernet, minibar..\",\"breadcrumb\":{\"@id\":\"https:\/\/www.hotelimpero.cr.it\/fr\/chambres\/#breadcrumb\"},\"inLanguage\":\"fr-FR\",\"potentialAction\":[{\"@type\":\"ReadAction\",\"target\":[\"https:\/\/www.hotelimpero.cr.it\/fr\/chambres\/\"]}]},{\"@type\":\"BreadcrumbList\",\"@id\":\"https:\/\/www.hotelimpero.cr.it\/fr\/chambres\/#breadcrumb\",\"itemListElement\":[{\"@type\":\"ListItem\",\"position\":1,\"name\":\"Home\",\"item\":\"https:\/\/www.hotelimpero.cr.it\/fr\/\"},{\"@type\":\"ListItem\",\"position\":2,\"name\":\"Chambres\"}]},{\"@type\":\"WebSite\",\"@id\":\"https:\/\/www.hotelimpero.cr.it\/fr\/#website\",\"url\":\"https:\/\/www.hotelimpero.cr.it\/fr\/\",\"name\":\"Hotel Impero\",\"description\":\"Just another ms.decms.eu site\",\"potentialAction\":[{\"@type\":\"SearchAction\",\"target\":{\"@type\":\"EntryPoint\",\"urlTemplate\":\"https:\/\/www.hotelimpero.cr.it\/fr\/?s={search_term_string}\"},\"query-input\":{\"@type\":\"PropertyValueSpecification\",\"valueRequired\":true,\"valueName\":\"search_term_string\"}}],\"inLanguage\":\"fr-FR\"}]}<\/script>\n<!-- \/ Yoast SEO plugin. -->","yoast_head_json":{"title":"Chambres &#8226; Hotel Impero &#8226;","description":"Les 51 chambres meubl\u00e9es en style d\u2019\u00e9poque, le style Impero, ont une vue sur la Cath\u00e9drale, sur la pittoresque place pi\u00e9tonne et sur le m\u00e9di\u00e9val Palais de la Mairie et certaines sur la Cath\u00e9drale et sur le Torrazzo.  TV HD\u00a0\u00a0 avec des chaines internationales et SKY, \u00a0connexion wi-fi \u00e0 grande vitesse et\u00a0 Ethernet, minibar..","robots":{"index":"index","follow":"follow","max-snippet":"max-snippet:-1","max-image-preview":"max-image-preview:large","max-video-preview":"max-video-preview:-1"},"canonical":"https:\/\/www.hotelimpero.cr.it\/fr\/chambres\/","og_locale":"fr_FR","og_type":"article","og_title":"Chambres &#8226; Hotel Impero &#8226;","og_description":"Les 51 chambres meubl\u00e9es en style d\u2019\u00e9poque, le style Impero, ont une vue sur la Cath\u00e9drale, sur la pittoresque place pi\u00e9tonne et sur le m\u00e9di\u00e9val Palais de la Mairie et certaines sur la Cath\u00e9drale et sur le Torrazzo.  TV HD\u00a0\u00a0 avec des chaines internationales et SKY, \u00a0connexion wi-fi \u00e0 grande vitesse et\u00a0 Ethernet, minibar..","og_url":"https:\/\/www.hotelimpero.cr.it\/fr\/chambres\/","og_site_name":"Hotel Impero","article_modified_time":"2023-02-16T13:59:17+00:00","twitter_card":"summary_large_image","twitter_misc":{"Dur\u00e9e de lecture estim\u00e9e":"1 minute"},"schema":{"@context":"https:\/\/schema.org","@graph":[{"@type":"WebPage","@id":"https:\/\/www.hotelimpero.cr.it\/fr\/chambres\/","url":"https:\/\/www.hotelimpero.cr.it\/fr\/chambres\/","name":"Chambres &#8226; Hotel Impero &#8226;","isPartOf":{"@id":"https:\/\/www.hotelimpero.cr.it\/fr\/#website"},"datePublished":"2021-09-17T16:14:03+00:00","dateModified":"2023-02-16T13:59:17+00:00","description":"Les 51 chambres meubl\u00e9es en style d\u2019\u00e9poque, le style Impero, ont une vue sur la Cath\u00e9drale, sur la pittoresque place pi\u00e9tonne et sur le m\u00e9di\u00e9val Palais de la Mairie et certaines sur la Cath\u00e9drale et sur le Torrazzo. TV HD\u00a0\u00a0 avec des chaines internationales et SKY, \u00a0connexion wi-fi \u00e0 grande vitesse et\u00a0 Ethernet, minibar..","breadcrumb":{"@id":"https:\/\/www.hotelimpero.cr.it\/fr\/chambres\/#breadcrumb"},"inLanguage":"fr-FR","potentialAction":[{"@type":"ReadAction","target":["https:\/\/www.hotelimpero.cr.it\/fr\/chambres\/"]}]},{"@type":"BreadcrumbList","@id":"https:\/\/www.hotelimpero.cr.it\/fr\/chambres\/#breadcrumb","itemListElement":[{"@type":"ListItem","position":1,"name":"Home","item":"https:\/\/www.hotelimpero.cr.it\/fr\/"},{"@type":"ListItem","position":2,"name":"Chambres"}]},{"@type":"WebSite","@id":"https:\/\/www.hotelimpero.cr.it\/fr\/#website","url":"https:\/\/www.hotelimpero.cr.it\/fr\/","name":"Hotel Impero","description":"Just another ms.decms.eu site","potentialAction":[{"@type":"SearchAction","target":{"@type":"EntryPoint","urlTemplate":"https:\/\/www.hotelimpero.cr.it\/fr\/?s={search_term_string}"},"query-input":{"@type":"PropertyValueSpecification","valueRequired":true,"valueName":"search_term_string"}}],"inLanguage":"fr-FR"}]}},"acf":[],"_links":{"self":[{"href":"https:\/\/www.hotelimpero.cr.it\/fr\/wp-json\/wp\/v2\/pages\/299","targetHints":{"allow":["GET"]}}],"collection":[{"href":"https:\/\/www.hotelimpero.cr.it\/fr\/wp-json\/wp\/v2\/pages"}],"about":[{"href":"https:\/\/www.hotelimpero.cr.it\/fr\/wp-json\/wp\/v2\/types\/page"}],"author":[{"embeddable":true,"href":"https:\/\/www.hotelimpero.cr.it\/fr\/wp-json\/wp\/v2\/users\/344"}],"replies":[{"embeddable":true,"href":"https:\/\/www.hotelimpero.cr.it\/fr\/wp-json\/wp\/v2\/comments?post=299"}],"version-history":[{"count":0,"href":"https:\/\/www.hotelimpero.cr.it\/fr\/wp-json\/wp\/v2\/pages\/299\/revisions"}],"wp:attachment":[{"href":"https:\/\/www.hotelimpero.cr.it\/fr\/wp-json\/wp\/v2\/media?parent=299"}],"curies":[{"name":"wp","href":"https:\/\/api.w.org\/{rel}","templated":true}]}}