{"id":296,"date":"2021-09-17T16:10:57","date_gmt":"2021-09-17T16:10:57","guid":{"rendered":"https:\/\/hotel-impero.ms.decms.eu\/?page_id=296"},"modified":"2025-07-23T12:30:35","modified_gmt":"2025-07-23T12:30:35","slug":"hotel","status":"publish","type":"page","link":"https:\/\/www.hotelimpero.cr.it\/fr\/hotel\/","title":{"rendered":"Hotel"},"content":{"rendered":"<p>L\u2019hotel a 50 chambres meubl\u00e9es avec\u00a0 des meubles qui rappellent le style de l\u2019\u00e9poque, \u00e0 l&rsquo;exception du 4\u00e8me \u00e9tage, notre \u00e9tage CLUB, enti\u00e8rement r\u00e9nov\u00e9 avec des meubles modernes et design. Certaines chambres ont une vue sur la Cath\u00e9drale, sur le m\u00e9di\u00e9vale Palais de la Mairie et sur la pittoresque place pi\u00e9tonne sur laquelle donne\u00a0 l\u2019ancien palais de la Mairie.<\/p>\n<p>L\u2019hotel est conventionn\u00e9 avec le parking couvert de Piazza Marconi (\u00e0 50 m\u00e8tres, parking public) ou il est possible de r\u00e9server le garage priv\u00e9 de l\u2019hotel DelleArti\u00a0 (\u00e0 300 m\u00e8tres)<\/p>\n<p>&nbsp;<\/p>\n","protected":false},"excerpt":{"rendered":"<p>L\u2019hotel a 50 chambres meubl\u00e9es avec\u00a0 des meubles qui rappellent le style de l\u2019\u00e9poque, \u00e0 l&rsquo;exception du 4\u00e8me \u00e9tage, notre \u00e9tage CLUB, enti\u00e8rement r\u00e9nov\u00e9 avec des meubles modernes et design. Certaines chambres ont une vue sur la Cath\u00e9drale, sur le m\u00e9di\u00e9vale Palais de la Mairie et sur la pittoresque place pi\u00e9tonne sur laquelle donne\u00a0 l\u2019ancien [&hellip;]<\/p>\n","protected":false},"author":344,"featured_media":0,"parent":0,"menu_order":20,"comment_status":"closed","ping_status":"closed","template":"template-hotel.php","meta":{"footnotes":""},"class_list":["post-296","page","type-page","status-publish","hentry"],"yoast_head":"<!-- This site is optimized with the Yoast SEO plugin v26.9 - https:\/\/yoast.com\/product\/yoast-seo-wordpress\/ -->\n<title>Hotel &#8226; Hotel Impero &#8226;<\/title>\n<meta name=\"description\" content=\"L\u2019hotel a 50 chambres meubl\u00e9es avec\u00a0 des meubles qui rappellent le style de l\u2019\u00e9poque, \u00e0 l&#039;exception du 4\u00e8me \u00e9tage, notre \u00e9tage CLUB, enti\u00e8rement r\u00e9nov\u00e9 avec des meubles modernes et design. Certaines chambres ont une vue sur la Cath\u00e9drale, sur le m\u00e9di\u00e9vale Palais de la Mairie et sur la pittoresque place pi\u00e9tonne sur laquelle donne\u00a0 l\u2019ancien palais de la Mairie.  L\u2019hotel est conventionn\u00e9 avec le parking couvert de Piazza Marconi (\u00e0 50 m\u00e8tres, parking public) ou il est possible de r\u00e9server le garage priv\u00e9 de l\u2019hotel DelleArti\u00a0 (\u00e0 300 m\u00e8tres)  &nbsp;\" \/>\n<meta name=\"robots\" content=\"index, follow, max-snippet:-1, max-image-preview:large, max-video-preview:-1\" \/>\n<link rel=\"canonical\" href=\"https:\/\/www.hotelimpero.cr.it\/fr\/hotel\/\" \/>\n<meta property=\"og:locale\" content=\"fr_FR\" \/>\n<meta property=\"og:type\" content=\"article\" \/>\n<meta property=\"og:title\" content=\"Hotel &#8226; Hotel Impero &#8226;\" \/>\n<meta property=\"og:description\" content=\"L\u2019hotel a 50 chambres meubl\u00e9es avec\u00a0 des meubles qui rappellent le style de l\u2019\u00e9poque, \u00e0 l&#039;exception du 4\u00e8me \u00e9tage, notre \u00e9tage CLUB, enti\u00e8rement r\u00e9nov\u00e9 avec des meubles modernes et design. Certaines chambres ont une vue sur la Cath\u00e9drale, sur le m\u00e9di\u00e9vale Palais de la Mairie et sur la pittoresque place pi\u00e9tonne sur laquelle donne\u00a0 l\u2019ancien palais de la Mairie.  L\u2019hotel est conventionn\u00e9 avec le parking couvert de Piazza Marconi (\u00e0 50 m\u00e8tres, parking public) ou il est possible de r\u00e9server le garage priv\u00e9 de l\u2019hotel DelleArti\u00a0 (\u00e0 300 m\u00e8tres)  &nbsp;\" \/>\n<meta property=\"og:url\" content=\"https:\/\/www.hotelimpero.cr.it\/fr\/hotel\/\" \/>\n<meta property=\"og:site_name\" content=\"Hotel Impero\" \/>\n<meta property=\"article:modified_time\" content=\"2025-07-23T12:30:35+00:00\" \/>\n<meta name=\"twitter:card\" content=\"summary_large_image\" \/>\n<meta name=\"twitter:label1\" content=\"Dur\u00e9e de lecture estim\u00e9e\" \/>\n\t<meta name=\"twitter:data1\" content=\"1 minute\" \/>\n<script type=\"application\/ld+json\" class=\"yoast-schema-graph\">{\"@context\":\"https:\/\/schema.org\",\"@graph\":[{\"@type\":\"WebPage\",\"@id\":\"https:\/\/www.hotelimpero.cr.it\/fr\/hotel\/\",\"url\":\"https:\/\/www.hotelimpero.cr.it\/fr\/hotel\/\",\"name\":\"Hotel &#8226; Hotel Impero &#8226;\",\"isPartOf\":{\"@id\":\"https:\/\/www.hotelimpero.cr.it\/fr\/#website\"},\"datePublished\":\"2021-09-17T16:10:57+00:00\",\"dateModified\":\"2025-07-23T12:30:35+00:00\",\"description\":\"L\u2019hotel a 50 chambres meubl\u00e9es avec\u00a0 des meubles qui rappellent le style de l\u2019\u00e9poque, \u00e0 l'exception du 4\u00e8me \u00e9tage, notre \u00e9tage CLUB, enti\u00e8rement r\u00e9nov\u00e9 avec des meubles modernes et design. Certaines chambres ont une vue sur la Cath\u00e9drale, sur le m\u00e9di\u00e9vale Palais de la Mairie et sur la pittoresque place pi\u00e9tonne sur laquelle donne\u00a0 l\u2019ancien palais de la Mairie. L\u2019hotel est conventionn\u00e9 avec le parking couvert de Piazza Marconi (\u00e0 50 m\u00e8tres, parking public) ou il est possible de r\u00e9server le garage priv\u00e9 de l\u2019hotel DelleArti\u00a0 (\u00e0 300 m\u00e8tres) &nbsp;\",\"breadcrumb\":{\"@id\":\"https:\/\/www.hotelimpero.cr.it\/fr\/hotel\/#breadcrumb\"},\"inLanguage\":\"fr-FR\",\"potentialAction\":[{\"@type\":\"ReadAction\",\"target\":[\"https:\/\/www.hotelimpero.cr.it\/fr\/hotel\/\"]}]},{\"@type\":\"BreadcrumbList\",\"@id\":\"https:\/\/www.hotelimpero.cr.it\/fr\/hotel\/#breadcrumb\",\"itemListElement\":[{\"@type\":\"ListItem\",\"position\":1,\"name\":\"Home\",\"item\":\"https:\/\/www.hotelimpero.cr.it\/fr\/\"},{\"@type\":\"ListItem\",\"position\":2,\"name\":\"Hotel\"}]},{\"@type\":\"WebSite\",\"@id\":\"https:\/\/www.hotelimpero.cr.it\/fr\/#website\",\"url\":\"https:\/\/www.hotelimpero.cr.it\/fr\/\",\"name\":\"Hotel Impero\",\"description\":\"Just another ms.decms.eu site\",\"potentialAction\":[{\"@type\":\"SearchAction\",\"target\":{\"@type\":\"EntryPoint\",\"urlTemplate\":\"https:\/\/www.hotelimpero.cr.it\/fr\/?s={search_term_string}\"},\"query-input\":{\"@type\":\"PropertyValueSpecification\",\"valueRequired\":true,\"valueName\":\"search_term_string\"}}],\"inLanguage\":\"fr-FR\"}]}<\/script>\n<!-- \/ Yoast SEO plugin. -->","yoast_head_json":{"title":"Hotel &#8226; Hotel Impero &#8226;","description":"L\u2019hotel a 50 chambres meubl\u00e9es avec\u00a0 des meubles qui rappellent le style de l\u2019\u00e9poque, \u00e0 l'exception du 4\u00e8me \u00e9tage, notre \u00e9tage CLUB, enti\u00e8rement r\u00e9nov\u00e9 avec des meubles modernes et design. Certaines chambres ont une vue sur la Cath\u00e9drale, sur le m\u00e9di\u00e9vale Palais de la Mairie et sur la pittoresque place pi\u00e9tonne sur laquelle donne\u00a0 l\u2019ancien palais de la Mairie.  L\u2019hotel est conventionn\u00e9 avec le parking couvert de Piazza Marconi (\u00e0 50 m\u00e8tres, parking public) ou il est possible de r\u00e9server le garage priv\u00e9 de l\u2019hotel DelleArti\u00a0 (\u00e0 300 m\u00e8tres)  &nbsp;","robots":{"index":"index","follow":"follow","max-snippet":"max-snippet:-1","max-image-preview":"max-image-preview:large","max-video-preview":"max-video-preview:-1"},"canonical":"https:\/\/www.hotelimpero.cr.it\/fr\/hotel\/","og_locale":"fr_FR","og_type":"article","og_title":"Hotel &#8226; Hotel Impero &#8226;","og_description":"L\u2019hotel a 50 chambres meubl\u00e9es avec\u00a0 des meubles qui rappellent le style de l\u2019\u00e9poque, \u00e0 l'exception du 4\u00e8me \u00e9tage, notre \u00e9tage CLUB, enti\u00e8rement r\u00e9nov\u00e9 avec des meubles modernes et design. Certaines chambres ont une vue sur la Cath\u00e9drale, sur le m\u00e9di\u00e9vale Palais de la Mairie et sur la pittoresque place pi\u00e9tonne sur laquelle donne\u00a0 l\u2019ancien palais de la Mairie.  L\u2019hotel est conventionn\u00e9 avec le parking couvert de Piazza Marconi (\u00e0 50 m\u00e8tres, parking public) ou il est possible de r\u00e9server le garage priv\u00e9 de l\u2019hotel DelleArti\u00a0 (\u00e0 300 m\u00e8tres)  &nbsp;","og_url":"https:\/\/www.hotelimpero.cr.it\/fr\/hotel\/","og_site_name":"Hotel Impero","article_modified_time":"2025-07-23T12:30:35+00:00","twitter_card":"summary_large_image","twitter_misc":{"Dur\u00e9e de lecture estim\u00e9e":"1 minute"},"schema":{"@context":"https:\/\/schema.org","@graph":[{"@type":"WebPage","@id":"https:\/\/www.hotelimpero.cr.it\/fr\/hotel\/","url":"https:\/\/www.hotelimpero.cr.it\/fr\/hotel\/","name":"Hotel &#8226; Hotel Impero &#8226;","isPartOf":{"@id":"https:\/\/www.hotelimpero.cr.it\/fr\/#website"},"datePublished":"2021-09-17T16:10:57+00:00","dateModified":"2025-07-23T12:30:35+00:00","description":"L\u2019hotel a 50 chambres meubl\u00e9es avec\u00a0 des meubles qui rappellent le style de l\u2019\u00e9poque, \u00e0 l'exception du 4\u00e8me \u00e9tage, notre \u00e9tage CLUB, enti\u00e8rement r\u00e9nov\u00e9 avec des meubles modernes et design. Certaines chambres ont une vue sur la Cath\u00e9drale, sur le m\u00e9di\u00e9vale Palais de la Mairie et sur la pittoresque place pi\u00e9tonne sur laquelle donne\u00a0 l\u2019ancien palais de la Mairie. L\u2019hotel est conventionn\u00e9 avec le parking couvert de Piazza Marconi (\u00e0 50 m\u00e8tres, parking public) ou il est possible de r\u00e9server le garage priv\u00e9 de l\u2019hotel DelleArti\u00a0 (\u00e0 300 m\u00e8tres) &nbsp;","breadcrumb":{"@id":"https:\/\/www.hotelimpero.cr.it\/fr\/hotel\/#breadcrumb"},"inLanguage":"fr-FR","potentialAction":[{"@type":"ReadAction","target":["https:\/\/www.hotelimpero.cr.it\/fr\/hotel\/"]}]},{"@type":"BreadcrumbList","@id":"https:\/\/www.hotelimpero.cr.it\/fr\/hotel\/#breadcrumb","itemListElement":[{"@type":"ListItem","position":1,"name":"Home","item":"https:\/\/www.hotelimpero.cr.it\/fr\/"},{"@type":"ListItem","position":2,"name":"Hotel"}]},{"@type":"WebSite","@id":"https:\/\/www.hotelimpero.cr.it\/fr\/#website","url":"https:\/\/www.hotelimpero.cr.it\/fr\/","name":"Hotel Impero","description":"Just another ms.decms.eu site","potentialAction":[{"@type":"SearchAction","target":{"@type":"EntryPoint","urlTemplate":"https:\/\/www.hotelimpero.cr.it\/fr\/?s={search_term_string}"},"query-input":{"@type":"PropertyValueSpecification","valueRequired":true,"valueName":"search_term_string"}}],"inLanguage":"fr-FR"}]}},"acf":[],"_links":{"self":[{"href":"https:\/\/www.hotelimpero.cr.it\/fr\/wp-json\/wp\/v2\/pages\/296","targetHints":{"allow":["GET"]}}],"collection":[{"href":"https:\/\/www.hotelimpero.cr.it\/fr\/wp-json\/wp\/v2\/pages"}],"about":[{"href":"https:\/\/www.hotelimpero.cr.it\/fr\/wp-json\/wp\/v2\/types\/page"}],"author":[{"embeddable":true,"href":"https:\/\/www.hotelimpero.cr.it\/fr\/wp-json\/wp\/v2\/users\/344"}],"replies":[{"embeddable":true,"href":"https:\/\/www.hotelimpero.cr.it\/fr\/wp-json\/wp\/v2\/comments?post=296"}],"version-history":[{"count":0,"href":"https:\/\/www.hotelimpero.cr.it\/fr\/wp-json\/wp\/v2\/pages\/296\/revisions"}],"wp:attachment":[{"href":"https:\/\/www.hotelimpero.cr.it\/fr\/wp-json\/wp\/v2\/media?parent=296"}],"curies":[{"name":"wp","href":"https:\/\/api.w.org\/{rel}","templated":true}]}}