{"id":336,"date":"2021-09-17T17:07:55","date_gmt":"2021-09-17T17:07:55","guid":{"rendered":"https:\/\/hotel-impero.ms.decms.eu\/?page_id=336"},"modified":"2021-09-22T07:55:32","modified_gmt":"2021-09-22T07:55:32","slug":"wo-wir-sind","status":"publish","type":"page","link":"https:\/\/www.hotelimpero.cr.it\/de\/wo-wir-sind\/","title":{"rendered":"Wo Wir Sind"},"content":{"rendered":"<p style=\"text-align: center\"><strong>Hotel Impero,<\/strong><br \/>\nPiazza della Pace, 21<br \/>\n26100 Cremona<\/p>\n<p style=\"text-align: center\">Telefono. <a href=\"tel:+390372413013\" target=\"_blank\" rel=\"noopener\">+39 0372 413013<\/a><br \/>\nFax. +39 0372 457295<\/p>\n<p style=\"text-align: center\">Whatsapp. <a href=\"https:\/\/api.whatsapp.com\/send?phone=390372413013\" target=\"_blank\" rel=\"noopener\">+39 0372 413013<\/a><\/p>\n<p style=\"text-align: center\">e-mail: <a href=\"mailto:impero@cremonahotels.it\">impero@cremonahotels.it<\/a><\/p>\n<p>Wir befinden uns im Herzen des historischen Zentrums, 1 km vom Bahnhof und ca. 4 km von der Autobahnausfahrt Cremona entfernt.<\/p>\n<p>Das Hotel befindet sich in unmittelbarer N\u00e4he des Doms und befindet sich in einer verkehrsberuhigten Zone, aber die G\u00e4ste haben die M\u00f6glichkeit, direkt vor dem Hotel (au\u00dfer Mittwoch und Samstagmorgen &#8211; Markttage) zum Be- und Entladen von Gep\u00e4ck anzuhalten und m\u00fcssen aber\u00a0 das Kfz-Kennzeichen an der Rezeption mitteilen.<\/p>\n","protected":false},"excerpt":{"rendered":"<p>Hotel Impero, Piazza della Pace, 21 26100 Cremona Telefono. +39 0372 413013 Fax. +39 0372 457295 Whatsapp. +39 0372 413013 e-mail: impero@cremonahotels.it Wir befinden uns im Herzen des historischen Zentrums, 1 km vom Bahnhof und ca. 4 km von der Autobahnausfahrt Cremona entfernt. Das Hotel befindet sich in unmittelbarer N\u00e4he des Doms und befindet sich [&hellip;]<\/p>\n","protected":false},"author":344,"featured_media":0,"parent":0,"menu_order":80,"comment_status":"closed","ping_status":"closed","template":"","meta":{"footnotes":""},"class_list":["post-336","page","type-page","status-publish","hentry"],"yoast_head":"<!-- This site is optimized with the Yoast SEO plugin v26.9 - https:\/\/yoast.com\/product\/yoast-seo-wordpress\/ -->\n<title>Wo Wir Sind &#8226; Hotel Impero &#8226;<\/title>\n<meta name=\"description\" content=\"Hotel Impero, Piazza della Pace, 21 26100 Cremona Telefono. +39 0372 413013 Fax\" \/>\n<meta name=\"robots\" content=\"index, follow, max-snippet:-1, max-image-preview:large, max-video-preview:-1\" \/>\n<link rel=\"canonical\" href=\"https:\/\/www.hotelimpero.cr.it\/de\/wo-wir-sind\/\" \/>\n<meta property=\"og:locale\" content=\"de_DE\" \/>\n<meta property=\"og:type\" content=\"article\" \/>\n<meta property=\"og:title\" content=\"Wo Wir Sind &#8226; Hotel Impero &#8226;\" \/>\n<meta property=\"og:description\" content=\"Hotel Impero, Piazza della Pace, 21 26100 Cremona Telefono. +39 0372 413013 Fax\" \/>\n<meta property=\"og:url\" content=\"https:\/\/www.hotelimpero.cr.it\/de\/wo-wir-sind\/\" \/>\n<meta property=\"og:site_name\" content=\"Hotel Impero\" \/>\n<meta property=\"article:modified_time\" content=\"2021-09-22T07:55:32+00:00\" \/>\n<meta name=\"twitter:card\" content=\"summary_large_image\" \/>\n<script type=\"application\/ld+json\" class=\"yoast-schema-graph\">{\"@context\":\"https:\/\/schema.org\",\"@graph\":[{\"@type\":\"WebPage\",\"@id\":\"https:\/\/www.hotelimpero.cr.it\/de\/wo-wir-sind\/\",\"url\":\"https:\/\/www.hotelimpero.cr.it\/de\/wo-wir-sind\/\",\"name\":\"Wo Wir Sind &#8226; Hotel Impero &#8226;\",\"isPartOf\":{\"@id\":\"https:\/\/www.hotelimpero.cr.it\/de\/#website\"},\"datePublished\":\"2021-09-17T17:07:55+00:00\",\"dateModified\":\"2021-09-22T07:55:32+00:00\",\"description\":\"Hotel Impero, Piazza della Pace, 21 26100 Cremona Telefono. +39 0372 413013 Fax\",\"breadcrumb\":{\"@id\":\"https:\/\/www.hotelimpero.cr.it\/de\/wo-wir-sind\/#breadcrumb\"},\"inLanguage\":\"de-DE\",\"potentialAction\":[{\"@type\":\"ReadAction\",\"target\":[\"https:\/\/www.hotelimpero.cr.it\/de\/wo-wir-sind\/\"]}]},{\"@type\":\"BreadcrumbList\",\"@id\":\"https:\/\/www.hotelimpero.cr.it\/de\/wo-wir-sind\/#breadcrumb\",\"itemListElement\":[{\"@type\":\"ListItem\",\"position\":1,\"name\":\"Home\",\"item\":\"https:\/\/www.hotelimpero.cr.it\/de\/\"},{\"@type\":\"ListItem\",\"position\":2,\"name\":\"Wo Wir Sind\"}]},{\"@type\":\"WebSite\",\"@id\":\"https:\/\/www.hotelimpero.cr.it\/de\/#website\",\"url\":\"https:\/\/www.hotelimpero.cr.it\/de\/\",\"name\":\"Hotel Impero\",\"description\":\"Just another ms.decms.eu site\",\"potentialAction\":[{\"@type\":\"SearchAction\",\"target\":{\"@type\":\"EntryPoint\",\"urlTemplate\":\"https:\/\/www.hotelimpero.cr.it\/de\/?s={search_term_string}\"},\"query-input\":{\"@type\":\"PropertyValueSpecification\",\"valueRequired\":true,\"valueName\":\"search_term_string\"}}],\"inLanguage\":\"de-DE\"}]}<\/script>\n<!-- \/ Yoast SEO plugin. -->","yoast_head_json":{"title":"Wo Wir Sind &#8226; Hotel Impero &#8226;","description":"Hotel Impero, Piazza della Pace, 21 26100 Cremona Telefono. +39 0372 413013 Fax","robots":{"index":"index","follow":"follow","max-snippet":"max-snippet:-1","max-image-preview":"max-image-preview:large","max-video-preview":"max-video-preview:-1"},"canonical":"https:\/\/www.hotelimpero.cr.it\/de\/wo-wir-sind\/","og_locale":"de_DE","og_type":"article","og_title":"Wo Wir Sind &#8226; Hotel Impero &#8226;","og_description":"Hotel Impero, Piazza della Pace, 21 26100 Cremona Telefono. +39 0372 413013 Fax","og_url":"https:\/\/www.hotelimpero.cr.it\/de\/wo-wir-sind\/","og_site_name":"Hotel Impero","article_modified_time":"2021-09-22T07:55:32+00:00","twitter_card":"summary_large_image","schema":{"@context":"https:\/\/schema.org","@graph":[{"@type":"WebPage","@id":"https:\/\/www.hotelimpero.cr.it\/de\/wo-wir-sind\/","url":"https:\/\/www.hotelimpero.cr.it\/de\/wo-wir-sind\/","name":"Wo Wir Sind &#8226; Hotel Impero &#8226;","isPartOf":{"@id":"https:\/\/www.hotelimpero.cr.it\/de\/#website"},"datePublished":"2021-09-17T17:07:55+00:00","dateModified":"2021-09-22T07:55:32+00:00","description":"Hotel Impero, Piazza della Pace, 21 26100 Cremona Telefono. +39 0372 413013 Fax","breadcrumb":{"@id":"https:\/\/www.hotelimpero.cr.it\/de\/wo-wir-sind\/#breadcrumb"},"inLanguage":"de-DE","potentialAction":[{"@type":"ReadAction","target":["https:\/\/www.hotelimpero.cr.it\/de\/wo-wir-sind\/"]}]},{"@type":"BreadcrumbList","@id":"https:\/\/www.hotelimpero.cr.it\/de\/wo-wir-sind\/#breadcrumb","itemListElement":[{"@type":"ListItem","position":1,"name":"Home","item":"https:\/\/www.hotelimpero.cr.it\/de\/"},{"@type":"ListItem","position":2,"name":"Wo Wir Sind"}]},{"@type":"WebSite","@id":"https:\/\/www.hotelimpero.cr.it\/de\/#website","url":"https:\/\/www.hotelimpero.cr.it\/de\/","name":"Hotel Impero","description":"Just another ms.decms.eu site","potentialAction":[{"@type":"SearchAction","target":{"@type":"EntryPoint","urlTemplate":"https:\/\/www.hotelimpero.cr.it\/de\/?s={search_term_string}"},"query-input":{"@type":"PropertyValueSpecification","valueRequired":true,"valueName":"search_term_string"}}],"inLanguage":"de-DE"}]}},"acf":[],"_links":{"self":[{"href":"https:\/\/www.hotelimpero.cr.it\/de\/wp-json\/wp\/v2\/pages\/336","targetHints":{"allow":["GET"]}}],"collection":[{"href":"https:\/\/www.hotelimpero.cr.it\/de\/wp-json\/wp\/v2\/pages"}],"about":[{"href":"https:\/\/www.hotelimpero.cr.it\/de\/wp-json\/wp\/v2\/types\/page"}],"author":[{"embeddable":true,"href":"https:\/\/www.hotelimpero.cr.it\/de\/wp-json\/wp\/v2\/users\/344"}],"replies":[{"embeddable":true,"href":"https:\/\/www.hotelimpero.cr.it\/de\/wp-json\/wp\/v2\/comments?post=336"}],"version-history":[{"count":0,"href":"https:\/\/www.hotelimpero.cr.it\/de\/wp-json\/wp\/v2\/pages\/336\/revisions"}],"wp:attachment":[{"href":"https:\/\/www.hotelimpero.cr.it\/de\/wp-json\/wp\/v2\/media?parent=336"}],"curies":[{"name":"wp","href":"https:\/\/api.w.org\/{rel}","templated":true}]}}