{"id":323,"date":"2021-09-17T16:53:35","date_gmt":"2021-09-17T16:53:35","guid":{"rendered":"https:\/\/hotel-impero.ms.decms.eu\/?page_id=323"},"modified":"2021-09-22T07:32:54","modified_gmt":"2021-09-22T07:32:54","slug":"fruehstueck","status":"publish","type":"page","link":"https:\/\/www.hotelimpero.cr.it\/de\/dienstleistungen\/fruehstueck\/","title":{"rendered":"Fr\u00fchst\u00fcck"},"content":{"rendered":"<p>Jeden Tag der Woche von 7 bis 10 Uhr\u00a0 (von 7.30 bis 11.00 Uhr an Sonn- und Feiertagen) erwartet Sie auf dem Erdgeschoss des Hotels, in unserem klassischen und hellen Fr\u00fchst\u00fccksraum unser reichhaltiges Buffet, das um Menschenmassen zu vermeiden, auf zwei voneinander entfernten Inseln pr\u00e4sentiert wird.<\/p>\n","protected":false},"excerpt":{"rendered":"<p>Jeden Tag der Woche von 7 bis 10 Uhr\u00a0 (von 7.30 bis 11.00 Uhr an Sonn- und Feiertagen) erwartet Sie auf dem Erdgeschoss des Hotels, in unserem klassischen und hellen Fr\u00fchst\u00fccksraum unser reichhaltiges Buffet, das um Menschenmassen zu vermeiden, auf zwei voneinander entfernten Inseln pr\u00e4sentiert wird.<\/p>\n","protected":false},"author":344,"featured_media":0,"parent":316,"menu_order":20,"comment_status":"closed","ping_status":"closed","template":"","meta":{"footnotes":""},"class_list":["post-323","page","type-page","status-publish","hentry"],"yoast_head":"<!-- This site is optimized with the Yoast SEO plugin v26.9 - https:\/\/yoast.com\/product\/yoast-seo-wordpress\/ -->\n<title>Fr\u00fchst\u00fcck &#8226; Hotel Impero &#8226;<\/title>\n<meta name=\"description\" content=\"Jeden Tag der Woche von 7 bis 10 Uhr\u00a0 (von 7.30 bis 11.00 Uhr an Sonn- und Feiertagen) erwartet Sie auf dem Erdgeschoss des Hotels, in unserem klassischen und hellen Fr\u00fchst\u00fccksraum unser reichhaltiges Buffet, das um Menschenmassen zu vermeiden, auf zwei voneinander entfernten Inseln pr\u00e4sentiert wird..\" \/>\n<meta name=\"robots\" content=\"index, follow, max-snippet:-1, max-image-preview:large, max-video-preview:-1\" \/>\n<link rel=\"canonical\" href=\"https:\/\/www.hotelimpero.cr.it\/de\/dienstleistungen\/fruehstueck\/\" \/>\n<meta property=\"og:locale\" content=\"de_DE\" \/>\n<meta property=\"og:type\" content=\"article\" \/>\n<meta property=\"og:title\" content=\"Fr\u00fchst\u00fcck &#8226; Hotel Impero &#8226;\" \/>\n<meta property=\"og:description\" content=\"Jeden Tag der Woche von 7 bis 10 Uhr\u00a0 (von 7.30 bis 11.00 Uhr an Sonn- und Feiertagen) erwartet Sie auf dem Erdgeschoss des Hotels, in unserem klassischen und hellen Fr\u00fchst\u00fccksraum unser reichhaltiges Buffet, das um Menschenmassen zu vermeiden, auf zwei voneinander entfernten Inseln pr\u00e4sentiert wird..\" \/>\n<meta property=\"og:url\" content=\"https:\/\/www.hotelimpero.cr.it\/de\/dienstleistungen\/fruehstueck\/\" \/>\n<meta property=\"og:site_name\" content=\"Hotel Impero\" \/>\n<meta property=\"article:modified_time\" content=\"2021-09-22T07:32:54+00:00\" \/>\n<meta name=\"twitter:card\" content=\"summary_large_image\" \/>\n<script type=\"application\/ld+json\" class=\"yoast-schema-graph\">{\"@context\":\"https:\/\/schema.org\",\"@graph\":[{\"@type\":\"WebPage\",\"@id\":\"https:\/\/www.hotelimpero.cr.it\/de\/dienstleistungen\/fruehstueck\/\",\"url\":\"https:\/\/www.hotelimpero.cr.it\/de\/dienstleistungen\/fruehstueck\/\",\"name\":\"Fr\u00fchst\u00fcck &#8226; Hotel Impero &#8226;\",\"isPartOf\":{\"@id\":\"https:\/\/www.hotelimpero.cr.it\/de\/#website\"},\"datePublished\":\"2021-09-17T16:53:35+00:00\",\"dateModified\":\"2021-09-22T07:32:54+00:00\",\"description\":\"Jeden Tag der Woche von 7 bis 10 Uhr\u00a0 (von 7.30 bis 11.00 Uhr an Sonn- und Feiertagen) erwartet Sie auf dem Erdgeschoss des Hotels, in unserem klassischen und hellen Fr\u00fchst\u00fccksraum unser reichhaltiges Buffet, das um Menschenmassen zu vermeiden, auf zwei voneinander entfernten Inseln pr\u00e4sentiert wird..\",\"breadcrumb\":{\"@id\":\"https:\/\/www.hotelimpero.cr.it\/de\/dienstleistungen\/fruehstueck\/#breadcrumb\"},\"inLanguage\":\"de-DE\",\"potentialAction\":[{\"@type\":\"ReadAction\",\"target\":[\"https:\/\/www.hotelimpero.cr.it\/de\/dienstleistungen\/fruehstueck\/\"]}]},{\"@type\":\"BreadcrumbList\",\"@id\":\"https:\/\/www.hotelimpero.cr.it\/de\/dienstleistungen\/fruehstueck\/#breadcrumb\",\"itemListElement\":[{\"@type\":\"ListItem\",\"position\":1,\"name\":\"Home\",\"item\":\"https:\/\/www.hotelimpero.cr.it\/de\/\"},{\"@type\":\"ListItem\",\"position\":2,\"name\":\"Dienstleistungen\",\"item\":\"https:\/\/www.hotelimpero.cr.it\/de\/dienstleistungen\/\"},{\"@type\":\"ListItem\",\"position\":3,\"name\":\"Fr\u00fchst\u00fcck\"}]},{\"@type\":\"WebSite\",\"@id\":\"https:\/\/www.hotelimpero.cr.it\/de\/#website\",\"url\":\"https:\/\/www.hotelimpero.cr.it\/de\/\",\"name\":\"Hotel Impero\",\"description\":\"Just another ms.decms.eu site\",\"potentialAction\":[{\"@type\":\"SearchAction\",\"target\":{\"@type\":\"EntryPoint\",\"urlTemplate\":\"https:\/\/www.hotelimpero.cr.it\/de\/?s={search_term_string}\"},\"query-input\":{\"@type\":\"PropertyValueSpecification\",\"valueRequired\":true,\"valueName\":\"search_term_string\"}}],\"inLanguage\":\"de-DE\"}]}<\/script>\n<!-- \/ Yoast SEO plugin. -->","yoast_head_json":{"title":"Fr\u00fchst\u00fcck &#8226; Hotel Impero &#8226;","description":"Jeden Tag der Woche von 7 bis 10 Uhr\u00a0 (von 7.30 bis 11.00 Uhr an Sonn- und Feiertagen) erwartet Sie auf dem Erdgeschoss des Hotels, in unserem klassischen und hellen Fr\u00fchst\u00fccksraum unser reichhaltiges Buffet, das um Menschenmassen zu vermeiden, auf zwei voneinander entfernten Inseln pr\u00e4sentiert wird..","robots":{"index":"index","follow":"follow","max-snippet":"max-snippet:-1","max-image-preview":"max-image-preview:large","max-video-preview":"max-video-preview:-1"},"canonical":"https:\/\/www.hotelimpero.cr.it\/de\/dienstleistungen\/fruehstueck\/","og_locale":"de_DE","og_type":"article","og_title":"Fr\u00fchst\u00fcck &#8226; Hotel Impero &#8226;","og_description":"Jeden Tag der Woche von 7 bis 10 Uhr\u00a0 (von 7.30 bis 11.00 Uhr an Sonn- und Feiertagen) erwartet Sie auf dem Erdgeschoss des Hotels, in unserem klassischen und hellen Fr\u00fchst\u00fccksraum unser reichhaltiges Buffet, das um Menschenmassen zu vermeiden, auf zwei voneinander entfernten Inseln pr\u00e4sentiert wird..","og_url":"https:\/\/www.hotelimpero.cr.it\/de\/dienstleistungen\/fruehstueck\/","og_site_name":"Hotel Impero","article_modified_time":"2021-09-22T07:32:54+00:00","twitter_card":"summary_large_image","schema":{"@context":"https:\/\/schema.org","@graph":[{"@type":"WebPage","@id":"https:\/\/www.hotelimpero.cr.it\/de\/dienstleistungen\/fruehstueck\/","url":"https:\/\/www.hotelimpero.cr.it\/de\/dienstleistungen\/fruehstueck\/","name":"Fr\u00fchst\u00fcck &#8226; Hotel Impero &#8226;","isPartOf":{"@id":"https:\/\/www.hotelimpero.cr.it\/de\/#website"},"datePublished":"2021-09-17T16:53:35+00:00","dateModified":"2021-09-22T07:32:54+00:00","description":"Jeden Tag der Woche von 7 bis 10 Uhr\u00a0 (von 7.30 bis 11.00 Uhr an Sonn- und Feiertagen) erwartet Sie auf dem Erdgeschoss des Hotels, in unserem klassischen und hellen Fr\u00fchst\u00fccksraum unser reichhaltiges Buffet, das um Menschenmassen zu vermeiden, auf zwei voneinander entfernten Inseln pr\u00e4sentiert wird..","breadcrumb":{"@id":"https:\/\/www.hotelimpero.cr.it\/de\/dienstleistungen\/fruehstueck\/#breadcrumb"},"inLanguage":"de-DE","potentialAction":[{"@type":"ReadAction","target":["https:\/\/www.hotelimpero.cr.it\/de\/dienstleistungen\/fruehstueck\/"]}]},{"@type":"BreadcrumbList","@id":"https:\/\/www.hotelimpero.cr.it\/de\/dienstleistungen\/fruehstueck\/#breadcrumb","itemListElement":[{"@type":"ListItem","position":1,"name":"Home","item":"https:\/\/www.hotelimpero.cr.it\/de\/"},{"@type":"ListItem","position":2,"name":"Dienstleistungen","item":"https:\/\/www.hotelimpero.cr.it\/de\/dienstleistungen\/"},{"@type":"ListItem","position":3,"name":"Fr\u00fchst\u00fcck"}]},{"@type":"WebSite","@id":"https:\/\/www.hotelimpero.cr.it\/de\/#website","url":"https:\/\/www.hotelimpero.cr.it\/de\/","name":"Hotel Impero","description":"Just another ms.decms.eu site","potentialAction":[{"@type":"SearchAction","target":{"@type":"EntryPoint","urlTemplate":"https:\/\/www.hotelimpero.cr.it\/de\/?s={search_term_string}"},"query-input":{"@type":"PropertyValueSpecification","valueRequired":true,"valueName":"search_term_string"}}],"inLanguage":"de-DE"}]}},"acf":[],"_links":{"self":[{"href":"https:\/\/www.hotelimpero.cr.it\/de\/wp-json\/wp\/v2\/pages\/323","targetHints":{"allow":["GET"]}}],"collection":[{"href":"https:\/\/www.hotelimpero.cr.it\/de\/wp-json\/wp\/v2\/pages"}],"about":[{"href":"https:\/\/www.hotelimpero.cr.it\/de\/wp-json\/wp\/v2\/types\/page"}],"author":[{"embeddable":true,"href":"https:\/\/www.hotelimpero.cr.it\/de\/wp-json\/wp\/v2\/users\/344"}],"replies":[{"embeddable":true,"href":"https:\/\/www.hotelimpero.cr.it\/de\/wp-json\/wp\/v2\/comments?post=323"}],"version-history":[{"count":0,"href":"https:\/\/www.hotelimpero.cr.it\/de\/wp-json\/wp\/v2\/pages\/323\/revisions"}],"up":[{"embeddable":true,"href":"https:\/\/www.hotelimpero.cr.it\/de\/wp-json\/wp\/v2\/pages\/316"}],"wp:attachment":[{"href":"https:\/\/www.hotelimpero.cr.it\/de\/wp-json\/wp\/v2\/media?parent=323"}],"curies":[{"name":"wp","href":"https:\/\/api.w.org\/{rel}","templated":true}]}}