{"id":319,"date":"2021-09-17T16:50:22","date_gmt":"2021-09-17T16:50:22","guid":{"rendered":"https:\/\/hotel-impero.ms.decms.eu\/?page_id=319"},"modified":"2021-09-22T07:48:22","modified_gmt":"2021-09-22T07:48:22","slug":"parkplatz","status":"publish","type":"page","link":"https:\/\/www.hotelimpero.cr.it\/de\/dienstleistungen\/parkplatz\/","title":{"rendered":"Parkplatz"},"content":{"rendered":"<p>Das Hotel liegt in einer verkehrsberuhigten Zone, die G\u00e4ste haben jedoch die M\u00f6glichkeit, direkt vor dem Hotel (au\u00dfer Mittwoch und Samstagmorgen &#8211; Markttage) zum Be- und Entladen des Gep\u00e4cks anzuhalten und dann das Auto Kennzeichen an der Rezeption anzugeben.<\/p>\n<p>Anschlie\u00dfend k\u00f6nnen Sie Ihr Auto in der nur 50 Meter entfernten Tiefgarage in der Piazza Marconi abstellen und beim Check-out an der Rezeption nach dem Ticket fragen, um die Preiserm\u00e4\u00dfigung zu nutzen.<\/p>\n","protected":false},"excerpt":{"rendered":"<p>Das Hotel liegt in einer verkehrsberuhigten Zone, die G\u00e4ste haben jedoch die M\u00f6glichkeit, direkt vor dem Hotel (au\u00dfer Mittwoch und Samstagmorgen &#8211; Markttage) zum Be- und Entladen des Gep\u00e4cks anzuhalten und dann das Auto Kennzeichen an der Rezeption anzugeben. Anschlie\u00dfend k\u00f6nnen Sie Ihr Auto in der nur 50 Meter entfernten Tiefgarage in der Piazza Marconi [&hellip;]<\/p>\n","protected":false},"author":344,"featured_media":0,"parent":316,"menu_order":10,"comment_status":"closed","ping_status":"closed","template":"","meta":{"footnotes":""},"class_list":["post-319","page","type-page","status-publish","hentry"],"yoast_head":"<!-- This site is optimized with the Yoast SEO plugin v26.9 - https:\/\/yoast.com\/product\/yoast-seo-wordpress\/ -->\n<title>Parkplatz &#8226; Hotel Impero &#8226;<\/title>\n<meta name=\"description\" content=\"Das Hotel liegt in einer verkehrsberuhigten Zone, die G\u00e4ste haben jedoch die M\u00f6glichkeit, direkt vor dem Hotel (au\u00dfer Mittwoch und Samstagmorgen - Markttage) zum Be- und Entladen des Gep\u00e4cks anzuhalten und dann das Auto Kennzeichen an der Rezeption anzugeben.  Anschlie\u00dfend k\u00f6nnen Sie Ihr Auto in der nur 50 Meter entfernten Tiefgarage in der Piazza Marconi abstellen und beim Check-out an der Rezeption nach dem Ticket fragen, um die Preiserm\u00e4\u00dfigung zu nutzen..\" \/>\n<meta name=\"robots\" content=\"index, follow, max-snippet:-1, max-image-preview:large, max-video-preview:-1\" \/>\n<link rel=\"canonical\" href=\"https:\/\/www.hotelimpero.cr.it\/de\/dienstleistungen\/parkplatz\/\" \/>\n<meta property=\"og:locale\" content=\"de_DE\" \/>\n<meta property=\"og:type\" content=\"article\" \/>\n<meta property=\"og:title\" content=\"Parkplatz &#8226; Hotel Impero &#8226;\" \/>\n<meta property=\"og:description\" content=\"Das Hotel liegt in einer verkehrsberuhigten Zone, die G\u00e4ste haben jedoch die M\u00f6glichkeit, direkt vor dem Hotel (au\u00dfer Mittwoch und Samstagmorgen - Markttage) zum Be- und Entladen des Gep\u00e4cks anzuhalten und dann das Auto Kennzeichen an der Rezeption anzugeben.  Anschlie\u00dfend k\u00f6nnen Sie Ihr Auto in der nur 50 Meter entfernten Tiefgarage in der Piazza Marconi abstellen und beim Check-out an der Rezeption nach dem Ticket fragen, um die Preiserm\u00e4\u00dfigung zu nutzen..\" \/>\n<meta property=\"og:url\" content=\"https:\/\/www.hotelimpero.cr.it\/de\/dienstleistungen\/parkplatz\/\" \/>\n<meta property=\"og:site_name\" content=\"Hotel Impero\" \/>\n<meta property=\"article:modified_time\" content=\"2021-09-22T07:48:22+00:00\" \/>\n<meta name=\"twitter:card\" content=\"summary_large_image\" \/>\n<script type=\"application\/ld+json\" class=\"yoast-schema-graph\">{\"@context\":\"https:\/\/schema.org\",\"@graph\":[{\"@type\":\"WebPage\",\"@id\":\"https:\/\/www.hotelimpero.cr.it\/de\/dienstleistungen\/parkplatz\/\",\"url\":\"https:\/\/www.hotelimpero.cr.it\/de\/dienstleistungen\/parkplatz\/\",\"name\":\"Parkplatz &#8226; Hotel Impero &#8226;\",\"isPartOf\":{\"@id\":\"https:\/\/www.hotelimpero.cr.it\/de\/#website\"},\"datePublished\":\"2021-09-17T16:50:22+00:00\",\"dateModified\":\"2021-09-22T07:48:22+00:00\",\"description\":\"Das Hotel liegt in einer verkehrsberuhigten Zone, die G\u00e4ste haben jedoch die M\u00f6glichkeit, direkt vor dem Hotel (au\u00dfer Mittwoch und Samstagmorgen - Markttage) zum Be- und Entladen des Gep\u00e4cks anzuhalten und dann das Auto Kennzeichen an der Rezeption anzugeben. Anschlie\u00dfend k\u00f6nnen Sie Ihr Auto in der nur 50 Meter entfernten Tiefgarage in der Piazza Marconi abstellen und beim Check-out an der Rezeption nach dem Ticket fragen, um die Preiserm\u00e4\u00dfigung zu nutzen..\",\"breadcrumb\":{\"@id\":\"https:\/\/www.hotelimpero.cr.it\/de\/dienstleistungen\/parkplatz\/#breadcrumb\"},\"inLanguage\":\"de-DE\",\"potentialAction\":[{\"@type\":\"ReadAction\",\"target\":[\"https:\/\/www.hotelimpero.cr.it\/de\/dienstleistungen\/parkplatz\/\"]}]},{\"@type\":\"BreadcrumbList\",\"@id\":\"https:\/\/www.hotelimpero.cr.it\/de\/dienstleistungen\/parkplatz\/#breadcrumb\",\"itemListElement\":[{\"@type\":\"ListItem\",\"position\":1,\"name\":\"Home\",\"item\":\"https:\/\/www.hotelimpero.cr.it\/de\/\"},{\"@type\":\"ListItem\",\"position\":2,\"name\":\"Dienstleistungen\",\"item\":\"https:\/\/www.hotelimpero.cr.it\/de\/dienstleistungen\/\"},{\"@type\":\"ListItem\",\"position\":3,\"name\":\"Parkplatz\"}]},{\"@type\":\"WebSite\",\"@id\":\"https:\/\/www.hotelimpero.cr.it\/de\/#website\",\"url\":\"https:\/\/www.hotelimpero.cr.it\/de\/\",\"name\":\"Hotel Impero\",\"description\":\"Just another ms.decms.eu site\",\"potentialAction\":[{\"@type\":\"SearchAction\",\"target\":{\"@type\":\"EntryPoint\",\"urlTemplate\":\"https:\/\/www.hotelimpero.cr.it\/de\/?s={search_term_string}\"},\"query-input\":{\"@type\":\"PropertyValueSpecification\",\"valueRequired\":true,\"valueName\":\"search_term_string\"}}],\"inLanguage\":\"de-DE\"}]}<\/script>\n<!-- \/ Yoast SEO plugin. -->","yoast_head_json":{"title":"Parkplatz &#8226; Hotel Impero &#8226;","description":"Das Hotel liegt in einer verkehrsberuhigten Zone, die G\u00e4ste haben jedoch die M\u00f6glichkeit, direkt vor dem Hotel (au\u00dfer Mittwoch und Samstagmorgen - Markttage) zum Be- und Entladen des Gep\u00e4cks anzuhalten und dann das Auto Kennzeichen an der Rezeption anzugeben.  Anschlie\u00dfend k\u00f6nnen Sie Ihr Auto in der nur 50 Meter entfernten Tiefgarage in der Piazza Marconi abstellen und beim Check-out an der Rezeption nach dem Ticket fragen, um die Preiserm\u00e4\u00dfigung zu nutzen..","robots":{"index":"index","follow":"follow","max-snippet":"max-snippet:-1","max-image-preview":"max-image-preview:large","max-video-preview":"max-video-preview:-1"},"canonical":"https:\/\/www.hotelimpero.cr.it\/de\/dienstleistungen\/parkplatz\/","og_locale":"de_DE","og_type":"article","og_title":"Parkplatz &#8226; Hotel Impero &#8226;","og_description":"Das Hotel liegt in einer verkehrsberuhigten Zone, die G\u00e4ste haben jedoch die M\u00f6glichkeit, direkt vor dem Hotel (au\u00dfer Mittwoch und Samstagmorgen - Markttage) zum Be- und Entladen des Gep\u00e4cks anzuhalten und dann das Auto Kennzeichen an der Rezeption anzugeben.  Anschlie\u00dfend k\u00f6nnen Sie Ihr Auto in der nur 50 Meter entfernten Tiefgarage in der Piazza Marconi abstellen und beim Check-out an der Rezeption nach dem Ticket fragen, um die Preiserm\u00e4\u00dfigung zu nutzen..","og_url":"https:\/\/www.hotelimpero.cr.it\/de\/dienstleistungen\/parkplatz\/","og_site_name":"Hotel Impero","article_modified_time":"2021-09-22T07:48:22+00:00","twitter_card":"summary_large_image","schema":{"@context":"https:\/\/schema.org","@graph":[{"@type":"WebPage","@id":"https:\/\/www.hotelimpero.cr.it\/de\/dienstleistungen\/parkplatz\/","url":"https:\/\/www.hotelimpero.cr.it\/de\/dienstleistungen\/parkplatz\/","name":"Parkplatz &#8226; Hotel Impero &#8226;","isPartOf":{"@id":"https:\/\/www.hotelimpero.cr.it\/de\/#website"},"datePublished":"2021-09-17T16:50:22+00:00","dateModified":"2021-09-22T07:48:22+00:00","description":"Das Hotel liegt in einer verkehrsberuhigten Zone, die G\u00e4ste haben jedoch die M\u00f6glichkeit, direkt vor dem Hotel (au\u00dfer Mittwoch und Samstagmorgen - Markttage) zum Be- und Entladen des Gep\u00e4cks anzuhalten und dann das Auto Kennzeichen an der Rezeption anzugeben. Anschlie\u00dfend k\u00f6nnen Sie Ihr Auto in der nur 50 Meter entfernten Tiefgarage in der Piazza Marconi abstellen und beim Check-out an der Rezeption nach dem Ticket fragen, um die Preiserm\u00e4\u00dfigung zu nutzen..","breadcrumb":{"@id":"https:\/\/www.hotelimpero.cr.it\/de\/dienstleistungen\/parkplatz\/#breadcrumb"},"inLanguage":"de-DE","potentialAction":[{"@type":"ReadAction","target":["https:\/\/www.hotelimpero.cr.it\/de\/dienstleistungen\/parkplatz\/"]}]},{"@type":"BreadcrumbList","@id":"https:\/\/www.hotelimpero.cr.it\/de\/dienstleistungen\/parkplatz\/#breadcrumb","itemListElement":[{"@type":"ListItem","position":1,"name":"Home","item":"https:\/\/www.hotelimpero.cr.it\/de\/"},{"@type":"ListItem","position":2,"name":"Dienstleistungen","item":"https:\/\/www.hotelimpero.cr.it\/de\/dienstleistungen\/"},{"@type":"ListItem","position":3,"name":"Parkplatz"}]},{"@type":"WebSite","@id":"https:\/\/www.hotelimpero.cr.it\/de\/#website","url":"https:\/\/www.hotelimpero.cr.it\/de\/","name":"Hotel Impero","description":"Just another ms.decms.eu site","potentialAction":[{"@type":"SearchAction","target":{"@type":"EntryPoint","urlTemplate":"https:\/\/www.hotelimpero.cr.it\/de\/?s={search_term_string}"},"query-input":{"@type":"PropertyValueSpecification","valueRequired":true,"valueName":"search_term_string"}}],"inLanguage":"de-DE"}]}},"acf":[],"_links":{"self":[{"href":"https:\/\/www.hotelimpero.cr.it\/de\/wp-json\/wp\/v2\/pages\/319","targetHints":{"allow":["GET"]}}],"collection":[{"href":"https:\/\/www.hotelimpero.cr.it\/de\/wp-json\/wp\/v2\/pages"}],"about":[{"href":"https:\/\/www.hotelimpero.cr.it\/de\/wp-json\/wp\/v2\/types\/page"}],"author":[{"embeddable":true,"href":"https:\/\/www.hotelimpero.cr.it\/de\/wp-json\/wp\/v2\/users\/344"}],"replies":[{"embeddable":true,"href":"https:\/\/www.hotelimpero.cr.it\/de\/wp-json\/wp\/v2\/comments?post=319"}],"version-history":[{"count":0,"href":"https:\/\/www.hotelimpero.cr.it\/de\/wp-json\/wp\/v2\/pages\/319\/revisions"}],"up":[{"embeddable":true,"href":"https:\/\/www.hotelimpero.cr.it\/de\/wp-json\/wp\/v2\/pages\/316"}],"wp:attachment":[{"href":"https:\/\/www.hotelimpero.cr.it\/de\/wp-json\/wp\/v2\/media?parent=319"}],"curies":[{"name":"wp","href":"https:\/\/api.w.org\/{rel}","templated":true}]}}