{"id":297,"date":"2021-09-17T16:11:12","date_gmt":"2021-09-17T16:11:12","guid":{"rendered":"https:\/\/hotel-impero.ms.decms.eu\/?page_id=297"},"modified":"2025-07-23T12:30:51","modified_gmt":"2025-07-23T12:30:51","slug":"hotel","status":"publish","type":"page","link":"https:\/\/www.hotelimpero.cr.it\/de\/hotel\/","title":{"rendered":"Hotel"},"content":{"rendered":"<p>Das Hotel verf\u00fcgt \u00fcber 50 Zimmer, die alle mit M\u00f6beln eingerichtet sind, die an den Stil der Zeit erinnern, mit Ausnahme der 4. Etage, unserer CLUB-Etage, die komplett mit modernen und Designerm\u00f6beln renoviert wurde. Einige Zimmer bieten einen zauberhaften Blick auf die Kathedrale, auf den mittelalterlichen Bau der Stadtverwaltung und auf den davorliegenden malerischen, kleinen Fussg\u00e4ngerplatz. Das Hotel hat eine Konvention mit dem \u00fcberdeckten Parkplatz von Piazza Marconi (50 mt &#8211; ein \u00f6ffentlicher, st\u00e4dtischer Parkplatz), oder man kann in der privaten Garage (300 mt) des DelleArtiDesign Hotels einen Platz vorbestellen.<\/p>\n<p>&nbsp;<\/p>\n","protected":false},"excerpt":{"rendered":"<p>Das Hotel verf\u00fcgt \u00fcber 50 Zimmer, die alle mit M\u00f6beln eingerichtet sind, die an den Stil der Zeit erinnern, mit Ausnahme der 4. Etage, unserer CLUB-Etage, die komplett mit modernen und Designerm\u00f6beln renoviert wurde. Einige Zimmer bieten einen zauberhaften Blick auf die Kathedrale, auf den mittelalterlichen Bau der Stadtverwaltung und auf den davorliegenden malerischen, kleinen [&hellip;]<\/p>\n","protected":false},"author":344,"featured_media":0,"parent":0,"menu_order":20,"comment_status":"closed","ping_status":"closed","template":"template-hotel.php","meta":{"footnotes":""},"class_list":["post-297","page","type-page","status-publish","hentry"],"yoast_head":"<!-- This site is optimized with the Yoast SEO plugin v26.9 - https:\/\/yoast.com\/product\/yoast-seo-wordpress\/ -->\n<title>Hotel &#8226; Hotel Impero &#8226;<\/title>\n<meta name=\"description\" content=\"Das Hotel verf\u00fcgt \u00fcber 50 Zimmer, die alle mit M\u00f6beln eingerichtet sind, die an den Stil der Zeit erinnern, mit Ausnahme der 4. Etage, unserer CLUB-Etage, die komplett mit modernen und Designerm\u00f6beln renoviert wurde\" \/>\n<meta name=\"robots\" content=\"index, follow, max-snippet:-1, max-image-preview:large, max-video-preview:-1\" \/>\n<link rel=\"canonical\" href=\"https:\/\/www.hotelimpero.cr.it\/de\/hotel\/\" \/>\n<meta property=\"og:locale\" content=\"de_DE\" \/>\n<meta property=\"og:type\" content=\"article\" \/>\n<meta property=\"og:title\" content=\"Hotel &#8226; Hotel Impero &#8226;\" \/>\n<meta property=\"og:description\" content=\"Das Hotel verf\u00fcgt \u00fcber 50 Zimmer, die alle mit M\u00f6beln eingerichtet sind, die an den Stil der Zeit erinnern, mit Ausnahme der 4. Etage, unserer CLUB-Etage, die komplett mit modernen und Designerm\u00f6beln renoviert wurde\" \/>\n<meta property=\"og:url\" content=\"https:\/\/www.hotelimpero.cr.it\/de\/hotel\/\" \/>\n<meta property=\"og:site_name\" content=\"Hotel Impero\" \/>\n<meta property=\"article:modified_time\" content=\"2025-07-23T12:30:51+00:00\" \/>\n<meta name=\"twitter:card\" content=\"summary_large_image\" \/>\n<script type=\"application\/ld+json\" class=\"yoast-schema-graph\">{\"@context\":\"https:\/\/schema.org\",\"@graph\":[{\"@type\":\"WebPage\",\"@id\":\"https:\/\/www.hotelimpero.cr.it\/de\/hotel\/\",\"url\":\"https:\/\/www.hotelimpero.cr.it\/de\/hotel\/\",\"name\":\"Hotel &#8226; Hotel Impero &#8226;\",\"isPartOf\":{\"@id\":\"https:\/\/www.hotelimpero.cr.it\/de\/#website\"},\"datePublished\":\"2021-09-17T16:11:12+00:00\",\"dateModified\":\"2025-07-23T12:30:51+00:00\",\"description\":\"Das Hotel verf\u00fcgt \u00fcber 50 Zimmer, die alle mit M\u00f6beln eingerichtet sind, die an den Stil der Zeit erinnern, mit Ausnahme der 4. Etage, unserer CLUB-Etage, die komplett mit modernen und Designerm\u00f6beln renoviert wurde\",\"breadcrumb\":{\"@id\":\"https:\/\/www.hotelimpero.cr.it\/de\/hotel\/#breadcrumb\"},\"inLanguage\":\"de-DE\",\"potentialAction\":[{\"@type\":\"ReadAction\",\"target\":[\"https:\/\/www.hotelimpero.cr.it\/de\/hotel\/\"]}]},{\"@type\":\"BreadcrumbList\",\"@id\":\"https:\/\/www.hotelimpero.cr.it\/de\/hotel\/#breadcrumb\",\"itemListElement\":[{\"@type\":\"ListItem\",\"position\":1,\"name\":\"Home\",\"item\":\"https:\/\/www.hotelimpero.cr.it\/de\/\"},{\"@type\":\"ListItem\",\"position\":2,\"name\":\"Hotel\"}]},{\"@type\":\"WebSite\",\"@id\":\"https:\/\/www.hotelimpero.cr.it\/de\/#website\",\"url\":\"https:\/\/www.hotelimpero.cr.it\/de\/\",\"name\":\"Hotel Impero\",\"description\":\"Just another ms.decms.eu site\",\"potentialAction\":[{\"@type\":\"SearchAction\",\"target\":{\"@type\":\"EntryPoint\",\"urlTemplate\":\"https:\/\/www.hotelimpero.cr.it\/de\/?s={search_term_string}\"},\"query-input\":{\"@type\":\"PropertyValueSpecification\",\"valueRequired\":true,\"valueName\":\"search_term_string\"}}],\"inLanguage\":\"de-DE\"}]}<\/script>\n<!-- \/ Yoast SEO plugin. -->","yoast_head_json":{"title":"Hotel &#8226; Hotel Impero &#8226;","description":"Das Hotel verf\u00fcgt \u00fcber 50 Zimmer, die alle mit M\u00f6beln eingerichtet sind, die an den Stil der Zeit erinnern, mit Ausnahme der 4. Etage, unserer CLUB-Etage, die komplett mit modernen und Designerm\u00f6beln renoviert wurde","robots":{"index":"index","follow":"follow","max-snippet":"max-snippet:-1","max-image-preview":"max-image-preview:large","max-video-preview":"max-video-preview:-1"},"canonical":"https:\/\/www.hotelimpero.cr.it\/de\/hotel\/","og_locale":"de_DE","og_type":"article","og_title":"Hotel &#8226; Hotel Impero &#8226;","og_description":"Das Hotel verf\u00fcgt \u00fcber 50 Zimmer, die alle mit M\u00f6beln eingerichtet sind, die an den Stil der Zeit erinnern, mit Ausnahme der 4. Etage, unserer CLUB-Etage, die komplett mit modernen und Designerm\u00f6beln renoviert wurde","og_url":"https:\/\/www.hotelimpero.cr.it\/de\/hotel\/","og_site_name":"Hotel Impero","article_modified_time":"2025-07-23T12:30:51+00:00","twitter_card":"summary_large_image","schema":{"@context":"https:\/\/schema.org","@graph":[{"@type":"WebPage","@id":"https:\/\/www.hotelimpero.cr.it\/de\/hotel\/","url":"https:\/\/www.hotelimpero.cr.it\/de\/hotel\/","name":"Hotel &#8226; Hotel Impero &#8226;","isPartOf":{"@id":"https:\/\/www.hotelimpero.cr.it\/de\/#website"},"datePublished":"2021-09-17T16:11:12+00:00","dateModified":"2025-07-23T12:30:51+00:00","description":"Das Hotel verf\u00fcgt \u00fcber 50 Zimmer, die alle mit M\u00f6beln eingerichtet sind, die an den Stil der Zeit erinnern, mit Ausnahme der 4. Etage, unserer CLUB-Etage, die komplett mit modernen und Designerm\u00f6beln renoviert wurde","breadcrumb":{"@id":"https:\/\/www.hotelimpero.cr.it\/de\/hotel\/#breadcrumb"},"inLanguage":"de-DE","potentialAction":[{"@type":"ReadAction","target":["https:\/\/www.hotelimpero.cr.it\/de\/hotel\/"]}]},{"@type":"BreadcrumbList","@id":"https:\/\/www.hotelimpero.cr.it\/de\/hotel\/#breadcrumb","itemListElement":[{"@type":"ListItem","position":1,"name":"Home","item":"https:\/\/www.hotelimpero.cr.it\/de\/"},{"@type":"ListItem","position":2,"name":"Hotel"}]},{"@type":"WebSite","@id":"https:\/\/www.hotelimpero.cr.it\/de\/#website","url":"https:\/\/www.hotelimpero.cr.it\/de\/","name":"Hotel Impero","description":"Just another ms.decms.eu site","potentialAction":[{"@type":"SearchAction","target":{"@type":"EntryPoint","urlTemplate":"https:\/\/www.hotelimpero.cr.it\/de\/?s={search_term_string}"},"query-input":{"@type":"PropertyValueSpecification","valueRequired":true,"valueName":"search_term_string"}}],"inLanguage":"de-DE"}]}},"acf":[],"_links":{"self":[{"href":"https:\/\/www.hotelimpero.cr.it\/de\/wp-json\/wp\/v2\/pages\/297","targetHints":{"allow":["GET"]}}],"collection":[{"href":"https:\/\/www.hotelimpero.cr.it\/de\/wp-json\/wp\/v2\/pages"}],"about":[{"href":"https:\/\/www.hotelimpero.cr.it\/de\/wp-json\/wp\/v2\/types\/page"}],"author":[{"embeddable":true,"href":"https:\/\/www.hotelimpero.cr.it\/de\/wp-json\/wp\/v2\/users\/344"}],"replies":[{"embeddable":true,"href":"https:\/\/www.hotelimpero.cr.it\/de\/wp-json\/wp\/v2\/comments?post=297"}],"version-history":[{"count":0,"href":"https:\/\/www.hotelimpero.cr.it\/de\/wp-json\/wp\/v2\/pages\/297\/revisions"}],"wp:attachment":[{"href":"https:\/\/www.hotelimpero.cr.it\/de\/wp-json\/wp\/v2\/media?parent=297"}],"curies":[{"name":"wp","href":"https:\/\/api.w.org\/{rel}","templated":true}]}}